{"id":29924,"date":"2025-11-03T15:37:47","date_gmt":"2025-11-03T14:37:47","guid":{"rendered":"https:\/\/www.strasser.co.at\/?post_type=product&#038;p=29924"},"modified":"2026-03-02T15:06:03","modified_gmt":"2026-03-02T14:06:03","slug":"seydelmann-automatenwolf-ae130-2","status":"publish","type":"product","link":"https:\/\/www.strasser.co.at\/de\/produkt\/seydelmann-automatenwolf-ae130-2\/","title":{"rendered":"Seydelmann Automatenwolf AE130"},"content":{"rendered":"<p>weitgehend massiv rostfrei<br \/>\n2-tourige Arbeitsschnecke<br \/>\n2-tourige Zubringerschnecke<br \/>\nHygienic-Design-Ausf\u00fchrung: Konstruktion des<br \/>\nMaschinenst\u00e4nders weitestgehend aus massiv<br \/>\nrostfreiem Edelstahl, polierte Oberfl\u00e4chen,<br \/>\nverrundete Kanten, schr\u00e4g-ablaufende Fl\u00e4chen<br \/>\n&#8211; mit 130 mm Lochscheibendurchmesser<br \/>\n&#8211; Drehstrommotor IP 55 vollkommen geschlossen<br \/>\nca. 14\/18 kW<br \/>\n&#8211; thermische \u00dcberlastabschaltung<br \/>\n&#8211; Schaltschrank eingebaut<br \/>\n&#8211; 400 Volt, 3 Phasen, 50 Hz<br \/>\n&#8211; Steuerspannung 24 Volt<br \/>\n&#8211; ca. 130 Liter Trichter mit verriegeltem Schutzgitter<br \/>\n&#8211; separater, zweitouriger Zubringermotor,<br \/>\n1,8 kW separat schaltbar<br \/>\n&#8211; Konische extra weite Zubringerschnecke, 2-tourig<br \/>\naus rostfreiem Spezialguss, rechtwinkelig zur<br \/>\nArbeitsschnecke<br \/>\n&#8211; Schneckengeh\u00e4use massiv rostfrei mit<br \/>\ngeh\u00e4rteten Lauffl\u00e4chen &#8211; NEU<br \/>\n&#8211; 5 m Zuleitungskabel<br \/>\n&#8211; Maschinenst\u00e4nder unten geschlossen<br \/>\n&#8211; Schneckenaussto\u00dfer<br \/>\n&#8211; Wolfmutter rostfrei<br \/>\n&#8211; Schneidsatz gebraucht bestehend aus:<br \/>\n2 Messer, 1 Vorschneider 5-Steg<br \/>\nje 1 Lochscheibe mit 3, 8 und 13 mm<\/p>\n","protected":false},"excerpt":{"rendered":"<p>weitgehend massiv rostfrei 2-tourige Arbeitsschnecke 2-tourige Zubringerschnecke Hygienic-Design-Ausf\u00fchrung: Konstruktion des Maschinenst\u00e4nders weitestgehend aus massiv rostfreiem Edelstahl, polierte Oberfl\u00e4chen, verrundete Kanten, schr\u00e4g-ablaufende Fl\u00e4chen &#8211; mit 130 mm Lochscheibendurchmesser &#8211; Drehstrommotor IP 55 vollkommen geschlossen ca. 14\/18 kW &#8211; thermische \u00dcberlastabschaltung &#8211; Schaltschrank eingebaut &#8211; 400 Volt, 3 Phasen, 50 Hz &#8211; Steuerspannung 24 Volt &#8211; ca. &#8230; <a title=\"Seydelmann Automatenwolf AE130\" class=\"read-more\" href=\"https:\/\/www.strasser.co.at\/de\/produkt\/seydelmann-automatenwolf-ae130-2\/\" aria-label=\"Mehr dazu unter Seydelmann Automatenwolf AE130\">Weiterlesen<\/a><\/p>\n","protected":false},"featured_media":30789,"comment_status":"closed","ping_status":"closed","template":"","meta":{"_acf_changed":false,"_crsspst_to_strasser-maschinench":true,"inline_featured_image":false},"product_cat":[101],"product_tag":[],"class_list":{"0":"post-29924","1":"product","2":"type-product","3":"status-publish","4":"has-post-thumbnail","6":"product_cat-wolf","8":"first","9":"instock","10":"taxable","11":"shipping-taxable","12":"product-type-simple"},"acf":[],"_links":{"self":[{"href":"https:\/\/www.strasser.co.at\/de\/wp-json\/wp\/v2\/product\/29924","targetHints":{"allow":["GET"]}}],"collection":[{"href":"https:\/\/www.strasser.co.at\/de\/wp-json\/wp\/v2\/product"}],"about":[{"href":"https:\/\/www.strasser.co.at\/de\/wp-json\/wp\/v2\/types\/product"}],"replies":[{"embeddable":true,"href":"https:\/\/www.strasser.co.at\/de\/wp-json\/wp\/v2\/comments?post=29924"}],"wp:featuredmedia":[{"embeddable":true,"href":"https:\/\/www.strasser.co.at\/de\/wp-json\/wp\/v2\/media\/30789"}],"wp:attachment":[{"href":"https:\/\/www.strasser.co.at\/de\/wp-json\/wp\/v2\/media?parent=29924"}],"wp:term":[{"taxonomy":"product_cat","embeddable":true,"href":"https:\/\/www.strasser.co.at\/de\/wp-json\/wp\/v2\/product_cat?post=29924"},{"taxonomy":"product_tag","embeddable":true,"href":"https:\/\/www.strasser.co.at\/de\/wp-json\/wp\/v2\/product_tag?post=29924"}],"curies":[{"name":"wp","href":"https:\/\/api.w.org\/{rel}","templated":true}]}}