{"id":29960,"date":"2025-11-05T13:51:55","date_gmt":"2025-11-05T12:51:55","guid":{"rendered":"https:\/\/www.strasser.co.at\/?post_type=product&#038;p=29960"},"modified":"2025-11-17T10:59:45","modified_gmt":"2025-11-17T09:59:45","slug":"laska-kutter-ku65","status":"publish","type":"product","link":"https:\/\/www.strasser.co.at\/de\/produkt\/laska-kutter-ku65\/","title":{"rendered":"Laska Kutter KU65"},"content":{"rendered":"<p>&#8211; Aussenfront aus rostfreiem Edelstahl<br \/>\n&#8211; 60L Sch\u00fcssel aus Edelstahl<br \/>\n&#8211; Messerwelle stufenlos<br \/>\n&#8211; Mischgang vor\/r\u00fcckw\u00e4rts<br \/>\n&#8211; 2 Sch\u00fcsselgeschwindigkeiten<br \/>\n&#8211; L\u00e4rmschutzdeckel<br \/>\n&#8211; mit integriertem L\u00fcfter zur K\u00fchlung<br \/>\n&#8211; mikroprozessorgesteuert (SPS)<br \/>\n&#8211; 23 kW \/ 400 V \/ 50 Hz<\/p>\n","protected":false},"excerpt":{"rendered":"<p>&#8211; Aussenfront aus rostfreiem Edelstahl &#8211; 60L Sch\u00fcssel aus Edelstahl &#8211; Messerwelle stufenlos &#8211; Mischgang vor\/r\u00fcckw\u00e4rts &#8211; 2 Sch\u00fcsselgeschwindigkeiten &#8211; L\u00e4rmschutzdeckel &#8211; mit integriertem L\u00fcfter zur K\u00fchlung &#8211; mikroprozessorgesteuert (SPS) &#8211; 23 kW \/ 400 V \/ 50 Hz<\/p>\n","protected":false},"featured_media":29998,"comment_status":"closed","ping_status":"closed","template":"","meta":{"_acf_changed":false,"_crsspst_to_strasser-maschinench":true,"inline_featured_image":false},"product_cat":[98],"product_tag":[],"class_list":{"0":"post-29960","1":"product","2":"type-product","3":"status-publish","4":"has-post-thumbnail","6":"product_cat-kutter","8":"first","9":"instock","10":"taxable","11":"shipping-taxable","12":"product-type-simple"},"acf":[],"_links":{"self":[{"href":"https:\/\/www.strasser.co.at\/de\/wp-json\/wp\/v2\/product\/29960","targetHints":{"allow":["GET"]}}],"collection":[{"href":"https:\/\/www.strasser.co.at\/de\/wp-json\/wp\/v2\/product"}],"about":[{"href":"https:\/\/www.strasser.co.at\/de\/wp-json\/wp\/v2\/types\/product"}],"replies":[{"embeddable":true,"href":"https:\/\/www.strasser.co.at\/de\/wp-json\/wp\/v2\/comments?post=29960"}],"wp:featuredmedia":[{"embeddable":true,"href":"https:\/\/www.strasser.co.at\/de\/wp-json\/wp\/v2\/media\/29998"}],"wp:attachment":[{"href":"https:\/\/www.strasser.co.at\/de\/wp-json\/wp\/v2\/media?parent=29960"}],"wp:term":[{"taxonomy":"product_cat","embeddable":true,"href":"https:\/\/www.strasser.co.at\/de\/wp-json\/wp\/v2\/product_cat?post=29960"},{"taxonomy":"product_tag","embeddable":true,"href":"https:\/\/www.strasser.co.at\/de\/wp-json\/wp\/v2\/product_tag?post=29960"}],"curies":[{"name":"wp","href":"https:\/\/api.w.org\/{rel}","templated":true}]}}