{"id":30092,"date":"2025-11-13T11:07:48","date_gmt":"2025-11-13T10:07:48","guid":{"rendered":"https:\/\/www.strasser.co.at\/?post_type=product&#038;p=30092"},"modified":"2026-04-20T15:03:09","modified_gmt":"2026-04-20T13:03:09","slug":"seydelmann-kutter-k206-dc-8-5","status":"publish","type":"product","link":"https:\/\/www.strasser.co.at\/de\/produkt\/seydelmann-kutter-k206-dc-8-5\/","title":{"rendered":"Seydelmann Kutter K206 DC-8"},"content":{"rendered":"<p>&#8211; funktionsbereit<br \/>\n&#8211; weitgehend massiv aus Edelstahl rostfrei<br \/>\n&#8211; 200 L Sch\u00fcssel aus Edelstahl rostfrei<br \/>\n&#8211; stufenlos regelbare Messergeschwindigkeiten<br \/>\n&#8211; 2 Mischg\u00e4nge r\u00fcckw\u00e4rts<br \/>\n&#8211; 2 Sch\u00fcsselgeschwindigkeiten<br \/>\n&#8211; Kreuzhebelschaltung<br \/>\n&#8211; L\u00e4rmschutzdeckel aus Plexiglas,<br \/>\nmit Zugabeluke, hydraulisch<br \/>\n&#8211; Hauptdeckel, hydraulisch bet\u00e4tigt<br \/>\n&#8211; Anzeige Micro12, in separatem Edelstahlgeh\u00e4use<br \/>\n&#8211; ca. 100 kW Leistung, 380V, 50 Hz,<br \/>\n&#8211; Beladevorrichtung f\u00fcr BW200, hydraulisch, integriert<br \/>\n&#8211; Edelstahl Schaltschrank, separat von der Maschine<br \/>\n&#8211; 6 Kuttermesser gebraucht, mit Zubeh\u00f6r<\/p>\n","protected":false},"excerpt":{"rendered":"<p>&#8211; funktionsbereit &#8211; weitgehend massiv aus Edelstahl rostfrei &#8211; 200 L Sch\u00fcssel aus Edelstahl rostfrei &#8211; stufenlos regelbare Messergeschwindigkeiten &#8211; 2 Mischg\u00e4nge r\u00fcckw\u00e4rts &#8211; 2 Sch\u00fcsselgeschwindigkeiten &#8211; Kreuzhebelschaltung &#8211; L\u00e4rmschutzdeckel aus Plexiglas, mit Zugabeluke, hydraulisch &#8211; Hauptdeckel, hydraulisch bet\u00e4tigt &#8211; Anzeige Micro12, in separatem Edelstahlgeh\u00e4use &#8211; ca. 100 kW Leistung, 380V, 50 Hz, &#8211; Beladevorrichtung &#8230; <a title=\"Seydelmann Kutter K206 DC-8\" class=\"read-more\" href=\"https:\/\/www.strasser.co.at\/de\/produkt\/seydelmann-kutter-k206-dc-8-5\/\" aria-label=\"Mehr dazu unter Seydelmann Kutter K206 DC-8\">Weiterlesen<\/a><\/p>\n","protected":false},"featured_media":31075,"comment_status":"closed","ping_status":"closed","template":"","meta":{"_acf_changed":false,"_crsspst_to_strasser-maschinench":true,"inline_featured_image":false},"product_cat":[98],"product_tag":[],"class_list":{"0":"post-30092","1":"product","2":"type-product","3":"status-publish","4":"has-post-thumbnail","6":"product_cat-kutter","8":"first","9":"instock","10":"taxable","11":"shipping-taxable","12":"product-type-simple"},"acf":[],"_links":{"self":[{"href":"https:\/\/www.strasser.co.at\/de\/wp-json\/wp\/v2\/product\/30092","targetHints":{"allow":["GET"]}}],"collection":[{"href":"https:\/\/www.strasser.co.at\/de\/wp-json\/wp\/v2\/product"}],"about":[{"href":"https:\/\/www.strasser.co.at\/de\/wp-json\/wp\/v2\/types\/product"}],"replies":[{"embeddable":true,"href":"https:\/\/www.strasser.co.at\/de\/wp-json\/wp\/v2\/comments?post=30092"}],"wp:featuredmedia":[{"embeddable":true,"href":"https:\/\/www.strasser.co.at\/de\/wp-json\/wp\/v2\/media\/31075"}],"wp:attachment":[{"href":"https:\/\/www.strasser.co.at\/de\/wp-json\/wp\/v2\/media?parent=30092"}],"wp:term":[{"taxonomy":"product_cat","embeddable":true,"href":"https:\/\/www.strasser.co.at\/de\/wp-json\/wp\/v2\/product_cat?post=30092"},{"taxonomy":"product_tag","embeddable":true,"href":"https:\/\/www.strasser.co.at\/de\/wp-json\/wp\/v2\/product_tag?post=30092"}],"curies":[{"name":"wp","href":"https:\/\/api.w.org\/{rel}","templated":true}]}}