{"id":30255,"date":"2025-12-03T10:09:38","date_gmt":"2025-12-03T09:09:38","guid":{"rendered":"https:\/\/www.strasser.co.at\/?post_type=product&#038;p=30255"},"modified":"2025-12-16T11:23:45","modified_gmt":"2025-12-16T10:23:45","slug":"maja-entvliesmaschine-evm5006","status":"publish","type":"product","link":"https:\/\/www.strasser.co.at\/de\/produkt\/maja-entvliesmaschine-evm5006\/","title":{"rendered":"Maja Entvliesmaschine EVM5006"},"content":{"rendered":"<p>&#8211; Industrie-Entvliesmaschine mit Zugwalze Z-96 f\u00fcr Rind<br \/>\n&#8211; zum maschinellen (offenen) Entvliesen s\u00e4mtlicher frischer<br \/>\nTeilst\u00fccke vom Schwein, Rind, Kalb, Lamm und Gefl\u00fcgel.<br \/>\nEVM 5006: \u00fcberdurchschnittliche Schnittbreite von 554 mm<br \/>\nzum bequemen Entvliesen breiter Teilst\u00fccke, z.B. vom Rind,<br \/>\nausgel\u00f6ste Schweinekoteletts.<br \/>\nAusstattung und Merkmale:<br \/>\n&#8211; Ideale Arbeitsergonomie erm\u00f6glicht dauerhaft hohe<br \/>\nBearbeitungsqualit\u00e4t<br \/>\n&#8211; Praxisorientierter Maschinenaufbau erlaubt einen hohen<br \/>\nProduktdurchsatz dank minimaler R\u00fcstzeiten<br \/>\n&#8211; Maschinengeh\u00e4use ohne Bedienhebel an den Seitenteilen<br \/>\nbringt Platzersparnis und erm\u00f6glicht flexible Aufstellung<br \/>\n&#8211; Maschinengeh\u00e4use im Hygienic Design<br \/>\n&#8211; Untergestell ohne Bodenplatte und gerade Fl\u00e4chen<br \/>\n(durchg\u00e4ngig mit V-f\u00f6rmiger Tropfkante)<br \/>\n&#8211; Transport- und Abstreiferwalze mit Hygieneradius<br \/>\n&#8211; Neues Design des Bearbeitungstisches f\u00fcr optimalen<br \/>\nZugang in Reinigungsstellung<br \/>\nD\u00fcsenstock mit effizienten Reinigungsd\u00fcsen<br \/>\nTechnische Daten:<br \/>\n&#8211; Schnittbreite: 554 mm<br \/>\n&#8211; El. Anschluss: 0,55 kW<br \/>\n&#8211; Spannung: 400V\/50Hz\/3Ph<br \/>\n&#8211; Gewicht: ca. 200 kg<br \/>\nMaschinenma\u00dfe:<br \/>\n&#8211; Breite: 946 mm<br \/>\n&#8211; Tiefe: 760 mm<br \/>\n&#8211; H\u00f6he: 1005 mm<\/p>\n","protected":false},"excerpt":{"rendered":"<p>&#8211; Industrie-Entvliesmaschine mit Zugwalze Z-96 f\u00fcr Rind &#8211; zum maschinellen (offenen) Entvliesen s\u00e4mtlicher frischer Teilst\u00fccke vom Schwein, Rind, Kalb, Lamm und Gefl\u00fcgel. EVM 5006: \u00fcberdurchschnittliche Schnittbreite von 554 mm zum bequemen Entvliesen breiter Teilst\u00fccke, z.B. vom Rind, ausgel\u00f6ste Schweinekoteletts. Ausstattung und Merkmale: &#8211; Ideale Arbeitsergonomie erm\u00f6glicht dauerhaft hohe Bearbeitungsqualit\u00e4t &#8211; Praxisorientierter Maschinenaufbau erlaubt einen hohen &#8230; <a title=\"Maja Entvliesmaschine EVM5006\" class=\"read-more\" href=\"https:\/\/www.strasser.co.at\/de\/produkt\/maja-entvliesmaschine-evm5006\/\" aria-label=\"Mehr dazu unter Maja Entvliesmaschine EVM5006\">Weiterlesen<\/a><\/p>\n","protected":false},"featured_media":30334,"comment_status":"closed","ping_status":"closed","template":"","meta":{"_acf_changed":false,"_crsspst_to_strasser-maschinench":true,"inline_featured_image":false},"product_cat":[420],"product_tag":[],"class_list":{"0":"post-30255","1":"product","2":"type-product","3":"status-publish","4":"has-post-thumbnail","6":"product_cat-abschwart-entvliesmaschinen","8":"first","9":"instock","10":"taxable","11":"shipping-taxable","12":"product-type-simple"},"acf":[],"_links":{"self":[{"href":"https:\/\/www.strasser.co.at\/de\/wp-json\/wp\/v2\/product\/30255","targetHints":{"allow":["GET"]}}],"collection":[{"href":"https:\/\/www.strasser.co.at\/de\/wp-json\/wp\/v2\/product"}],"about":[{"href":"https:\/\/www.strasser.co.at\/de\/wp-json\/wp\/v2\/types\/product"}],"replies":[{"embeddable":true,"href":"https:\/\/www.strasser.co.at\/de\/wp-json\/wp\/v2\/comments?post=30255"}],"wp:featuredmedia":[{"embeddable":true,"href":"https:\/\/www.strasser.co.at\/de\/wp-json\/wp\/v2\/media\/30334"}],"wp:attachment":[{"href":"https:\/\/www.strasser.co.at\/de\/wp-json\/wp\/v2\/media?parent=30255"}],"wp:term":[{"taxonomy":"product_cat","embeddable":true,"href":"https:\/\/www.strasser.co.at\/de\/wp-json\/wp\/v2\/product_cat?post=30255"},{"taxonomy":"product_tag","embeddable":true,"href":"https:\/\/www.strasser.co.at\/de\/wp-json\/wp\/v2\/product_tag?post=30255"}],"curies":[{"name":"wp","href":"https:\/\/api.w.org\/{rel}","templated":true}]}}