{"id":30325,"date":"2025-12-15T13:21:25","date_gmt":"2025-12-15T12:21:25","guid":{"rendered":"https:\/\/www.strasser.co.at\/?post_type=product&#038;p=30325"},"modified":"2025-12-15T13:22:48","modified_gmt":"2025-12-15T12:22:48","slug":"vakona-vak-tumbler-esk220","status":"publish","type":"product","link":"https:\/\/www.strasser.co.at\/de\/produkt\/vakona-vak-tumbler-esk220\/","title":{"rendered":"Vakona Vak. K\u00fchl Tumbler ESK 220"},"content":{"rendered":"<p>Volumen: 220 l<br \/>\nKapazit\u00e4t je nach Produkt: 20-150 kg<br \/>\n&#8211; Maschine aus Edelstahl<br \/>\n&#8211; Touch-Screen Steuerung mit 99 Programmen<br \/>\n&#8211; Hochleistungs-Vakuumpumpe<br \/>\n&#8211; Automatische Bel\u00fcftung \/ Intervalle<br \/>\n&#8211; Steril-Filtersystem<br \/>\n&#8211; kippbar zur vollst\u00e4ndigen Entleerung<br \/>\n&#8211; stufenloses Schwenken des Beh\u00e4lters<br \/>\nper Hub-Kipp-Zylinder<br \/>\n&#8211; Massierarm mit Abstreifer abnehmbar<br \/>\n&#8211; komplett isolierter Beh\u00e4lter einschlie\u00dflich Deckel<br \/>\n&#8211; leistungsstarkes K\u00fchlaggregat,<br \/>\nK\u00fchlmittel R 134 A (ESK 1200: R 404)<br \/>\n&#8211; stufenlos regelbarer Getriebemotor<br \/>\n&#8211; fahrbar &#8211; 4 Lenkrollen (2 mit Feststeller &#8220;stop-fix&#8221;)<br \/>\n&#8211; inkl. Mengarm<\/p>\n","protected":false},"excerpt":{"rendered":"<p>Volumen: 220 l Kapazit\u00e4t je nach Produkt: 20-150 kg &#8211; Maschine aus Edelstahl &#8211; Touch-Screen Steuerung mit 99 Programmen &#8211; Hochleistungs-Vakuumpumpe &#8211; Automatische Bel\u00fcftung \/ Intervalle &#8211; Steril-Filtersystem &#8211; kippbar zur vollst\u00e4ndigen Entleerung &#8211; stufenloses Schwenken des Beh\u00e4lters per Hub-Kipp-Zylinder &#8211; Massierarm mit Abstreifer abnehmbar &#8211; komplett isolierter Beh\u00e4lter einschlie\u00dflich Deckel &#8211; leistungsstarkes K\u00fchlaggregat, K\u00fchlmittel &#8230; <a title=\"Vakona Vak. K\u00fchl Tumbler ESK 220\" class=\"read-more\" href=\"https:\/\/www.strasser.co.at\/de\/produkt\/vakona-vak-tumbler-esk220\/\" aria-label=\"Mehr dazu unter Vakona Vak. K\u00fchl Tumbler ESK 220\">Weiterlesen<\/a><\/p>\n","protected":false},"featured_media":0,"comment_status":"closed","ping_status":"closed","template":"","meta":{"_acf_changed":false,"_crsspst_to_strasser-maschinench":true,"inline_featured_image":false},"product_cat":[227],"product_tag":[],"class_list":{"0":"post-30325","1":"product","2":"type-product","3":"status-publish","5":"product_cat-tumbler","7":"first","8":"instock","9":"taxable","10":"shipping-taxable","11":"product-type-simple"},"acf":[],"_links":{"self":[{"href":"https:\/\/www.strasser.co.at\/de\/wp-json\/wp\/v2\/product\/30325","targetHints":{"allow":["GET"]}}],"collection":[{"href":"https:\/\/www.strasser.co.at\/de\/wp-json\/wp\/v2\/product"}],"about":[{"href":"https:\/\/www.strasser.co.at\/de\/wp-json\/wp\/v2\/types\/product"}],"replies":[{"embeddable":true,"href":"https:\/\/www.strasser.co.at\/de\/wp-json\/wp\/v2\/comments?post=30325"}],"wp:attachment":[{"href":"https:\/\/www.strasser.co.at\/de\/wp-json\/wp\/v2\/media?parent=30325"}],"wp:term":[{"taxonomy":"product_cat","embeddable":true,"href":"https:\/\/www.strasser.co.at\/de\/wp-json\/wp\/v2\/product_cat?post=30325"},{"taxonomy":"product_tag","embeddable":true,"href":"https:\/\/www.strasser.co.at\/de\/wp-json\/wp\/v2\/product_tag?post=30325"}],"curies":[{"name":"wp","href":"https:\/\/api.w.org\/{rel}","templated":true}]}}