{"id":30330,"date":"2025-12-16T09:22:35","date_gmt":"2025-12-16T08:22:35","guid":{"rendered":"https:\/\/www.strasser.co.at\/?post_type=product&#038;p=30330"},"modified":"2025-12-16T09:22:35","modified_gmt":"2025-12-16T08:22:35","slug":"vc999-vakuummaschine-k5sn-2","status":"publish","type":"product","link":"https:\/\/www.strasser.co.at\/de\/produkt\/vc999-vakuummaschine-k5sn-2\/","title":{"rendered":"VC999 Vakuummaschine K5SN"},"content":{"rendered":"<p>Standmodell mit Begasung<br \/>\n&#8211; fahrbar<br \/>\n&#8211; SPS Steuerung mit Touch Screen Bedienung<br \/>\n&#8211; einfache Pflege der Rezepte durch USB-Anschluss<br \/>\n&#8211; gro\u00dfes Kammervolumen unter dem Deckel<br \/>\n&#8211; Soft-Bel\u00fcftung &#8211; zur Schonung von Verpackungs-<br \/>\ngut und -material<br \/>\n&#8211; Geh\u00e4use aus rostfreien Materialien<br \/>\n&#8211; leicht zu reinigen<br \/>\n&#8211; verschiedene Vakuum-Modi:<br \/>\n&#8211; Auf Sollwert<br \/>\n&#8211; in Stufen auf Sollwert<br \/>\n&#8211; bis zur Verdampfungspunkterkennung<br \/>\n&#8211; GS-gepr\u00fcfter Handschutz mit Sicherheitsschaltleiste<br \/>\n&#8211; mit Soft-Air Vorbel\u00fcftung<br \/>\n&#8211; mit Doppelnaht-Trennsiegelung<br \/>\nAnzahl Schweissschienen: 2 pro Kammer<br \/>\nSchweissschienenl\u00e4nge: 715 \/ 500 mm<br \/>\nKammerinnenma\u00dfe: 810 x 205 x 605 mm<br \/>\nVakuumpumpe: 100 m\u00b3\/h<br \/>\nMax. Vakuum: 1mbar, 99,9 %<br \/>\nTaktleistung: 2 &#8211; 3 Takt \/ Min.<br \/>\nAnschlusswert: 400 V \/ 3 \/ 50 Hz \/ 4 kW \/ 16 AT<br \/>\nMaschinenabmessungen: 850 x 1072 x 1016 mm<br \/>\nGewicht: 330 kg<\/p>\n","protected":false},"excerpt":{"rendered":"<p>Standmodell mit Begasung &#8211; fahrbar &#8211; SPS Steuerung mit Touch Screen Bedienung &#8211; einfache Pflege der Rezepte durch USB-Anschluss &#8211; gro\u00dfes Kammervolumen unter dem Deckel &#8211; Soft-Bel\u00fcftung &#8211; zur Schonung von Verpackungs- gut und -material &#8211; Geh\u00e4use aus rostfreien Materialien &#8211; leicht zu reinigen &#8211; verschiedene Vakuum-Modi: &#8211; Auf Sollwert &#8211; in Stufen auf Sollwert &#8230; <a title=\"VC999 Vakuummaschine K5SN\" class=\"read-more\" href=\"https:\/\/www.strasser.co.at\/de\/produkt\/vc999-vakuummaschine-k5sn-2\/\" aria-label=\"Mehr dazu unter VC999 Vakuummaschine K5SN\">Weiterlesen<\/a><\/p>\n","protected":false},"featured_media":0,"comment_status":"closed","ping_status":"closed","template":"","meta":{"_acf_changed":false,"_crsspst_to_strasser-maschinench":true,"inline_featured_image":false},"product_cat":[230],"product_tag":[],"class_list":{"0":"post-30330","1":"product","2":"type-product","3":"status-publish","5":"product_cat-vakuummaschinen-2","7":"first","8":"instock","9":"taxable","10":"shipping-taxable","11":"product-type-simple"},"acf":[],"_links":{"self":[{"href":"https:\/\/www.strasser.co.at\/de\/wp-json\/wp\/v2\/product\/30330","targetHints":{"allow":["GET"]}}],"collection":[{"href":"https:\/\/www.strasser.co.at\/de\/wp-json\/wp\/v2\/product"}],"about":[{"href":"https:\/\/www.strasser.co.at\/de\/wp-json\/wp\/v2\/types\/product"}],"replies":[{"embeddable":true,"href":"https:\/\/www.strasser.co.at\/de\/wp-json\/wp\/v2\/comments?post=30330"}],"wp:attachment":[{"href":"https:\/\/www.strasser.co.at\/de\/wp-json\/wp\/v2\/media?parent=30330"}],"wp:term":[{"taxonomy":"product_cat","embeddable":true,"href":"https:\/\/www.strasser.co.at\/de\/wp-json\/wp\/v2\/product_cat?post=30330"},{"taxonomy":"product_tag","embeddable":true,"href":"https:\/\/www.strasser.co.at\/de\/wp-json\/wp\/v2\/product_tag?post=30330"}],"curies":[{"name":"wp","href":"https:\/\/api.w.org\/{rel}","templated":true}]}}