{"id":30339,"date":"2025-12-16T11:32:42","date_gmt":"2025-12-16T10:32:42","guid":{"rendered":"https:\/\/www.strasser.co.at\/?post_type=product&#038;p=30339"},"modified":"2026-01-22T14:43:55","modified_gmt":"2026-01-22T13:43:55","slug":"maja-band-abschwartmaschine-bxaplus-554","status":"publish","type":"product","link":"https:\/\/www.strasser.co.at\/de\/produkt\/maja-band-abschwartmaschine-bxaplus-554\/","title":{"rendered":"Maja Band-Abschwartmaschine BXAplus 554"},"content":{"rendered":"<p>&#8211; zum vollautomatischen Bearbeiten aller zu<br \/>\nentschwartenden Teilst\u00fccke vom Schwein.<br \/>\n&#8211; Schnittbreite 554 mm<br \/>\n&#8211; mit Abf\u00fchrband<br \/>\n&#8211; Zufuhr \u00fcber Kunststoffgliederband<br \/>\n&#8211; Untergestell<br \/>\n&#8211; Mechanische Anschnittsteuerung<br \/>\n&#8211; Ohne Lichtschranken und Drucklufttechnik<br \/>\n&#8211; H\u00f6heneinstellung der Andr\u00fcckwalze<br \/>\n&#8211; Festlegung der Einstellung auf eine<br \/>\nbestimmte Schnittst\u00e4rke.<br \/>\n&#8211; 1,1kW, 400V, 50Hz<br \/>\n&#8211; fahrbar<\/p>\n","protected":false},"excerpt":{"rendered":"<p>&#8211; zum vollautomatischen Bearbeiten aller zu entschwartenden Teilst\u00fccke vom Schwein. &#8211; Schnittbreite 554 mm &#8211; mit Abf\u00fchrband &#8211; Zufuhr \u00fcber Kunststoffgliederband &#8211; Untergestell &#8211; Mechanische Anschnittsteuerung &#8211; Ohne Lichtschranken und Drucklufttechnik &#8211; H\u00f6heneinstellung der Andr\u00fcckwalze &#8211; Festlegung der Einstellung auf eine bestimmte Schnittst\u00e4rke. &#8211; 1,1kW, 400V, 50Hz &#8211; fahrbar<\/p>\n","protected":false},"featured_media":30515,"comment_status":"closed","ping_status":"closed","template":"","meta":{"_acf_changed":false,"_crsspst_to_strasser-maschinench":true,"inline_featured_image":false},"product_cat":[420],"product_tag":[],"class_list":{"0":"post-30339","1":"product","2":"type-product","3":"status-publish","4":"has-post-thumbnail","6":"product_cat-abschwart-entvliesmaschinen","8":"first","9":"instock","10":"taxable","11":"shipping-taxable","12":"product-type-simple"},"acf":[],"_links":{"self":[{"href":"https:\/\/www.strasser.co.at\/de\/wp-json\/wp\/v2\/product\/30339","targetHints":{"allow":["GET"]}}],"collection":[{"href":"https:\/\/www.strasser.co.at\/de\/wp-json\/wp\/v2\/product"}],"about":[{"href":"https:\/\/www.strasser.co.at\/de\/wp-json\/wp\/v2\/types\/product"}],"replies":[{"embeddable":true,"href":"https:\/\/www.strasser.co.at\/de\/wp-json\/wp\/v2\/comments?post=30339"}],"wp:featuredmedia":[{"embeddable":true,"href":"https:\/\/www.strasser.co.at\/de\/wp-json\/wp\/v2\/media\/30515"}],"wp:attachment":[{"href":"https:\/\/www.strasser.co.at\/de\/wp-json\/wp\/v2\/media?parent=30339"}],"wp:term":[{"taxonomy":"product_cat","embeddable":true,"href":"https:\/\/www.strasser.co.at\/de\/wp-json\/wp\/v2\/product_cat?post=30339"},{"taxonomy":"product_tag","embeddable":true,"href":"https:\/\/www.strasser.co.at\/de\/wp-json\/wp\/v2\/product_tag?post=30339"}],"curies":[{"name":"wp","href":"https:\/\/api.w.org\/{rel}","templated":true}]}}