{"id":30462,"date":"2026-01-13T13:39:56","date_gmt":"2026-01-13T12:39:56","guid":{"rendered":"https:\/\/www.strasser.co.at\/?post_type=product&#038;p=30462"},"modified":"2026-02-16T10:15:04","modified_gmt":"2026-02-16T09:15:04","slug":"foodlogistik-wuerfelschneider-classic-90","status":"publish","type":"product","link":"https:\/\/www.strasser.co.at\/de\/produkt\/foodlogistik-wuerfelschneider-classic-90\/","title":{"rendered":"Foodlogistik W\u00fcrfelschneider Classic 90"},"content":{"rendered":"<p>&#8211; 2,6 kW Motorleistung<br \/>\n&#8211; Kammergr\u00f6\u00dfe: 90 x 90 x 310 mm<br \/>\n&#8211; Maximaler Durchsatz: 950 kg\/h<br \/>\n&#8211; Abschnittl\u00e4nge stufenlos bis zu 45 mm einstellbar<br \/>\n&#8211; hoher Durchsatz \u2013 bis zu 560 Abschnitte pro Minute<br \/>\n&#8211; Hygienet\u00fcr mit Abdeckklappe f\u00fcr Euro2-Kisten auf Rollwagen<br \/>\n&#8211; Hydrauliktank aus korrosionsbest\u00e4ndigem Edelstahl<br \/>\n&#8211; fahrbar mit Lenkrolle<br \/>\n&#8211; hervorragendes Maschinenhandling:<br \/>\n&#8211; Anzeige zur Maschinensicherheit und Ladebereitschaft<br \/>\n&#8211; exzellentes Doppelkammersystem f\u00fcr gleichzeitiges<br \/>\nBeschicken und Schneiden<br \/>\n&#8211; Ergonomisches Ein-Hand-Bediensystem mit L\u00e4ngsschieber<br \/>\nf\u00fcr optimale Kammerabdichtung<br \/>\n&#8211; Vorschub taktweise oder kontinuierlich f\u00fcr den Einsatz<br \/>\nvon Einfach-, Doppel- oder Vierfachmesser<br \/>\n&#8211; einstellbare L\u00e4ngsvorpressung<br \/>\n&#8211; inklusive Schneidbrett<br \/>\n&#8211; inklusive 1 Standardgatter -Edelstahl-<br \/>\nverf\u00fcgbare Gr\u00f6\u00dfen: 5&#215;5, 6&#215;6, 7&#215;7, 8&#215;8, 10&#215;10, 13&#215;13,<br \/>\n15&#215;15, 18&#215;18, 22&#215;22, 30&#215;30, 45&#215;45 mm<br \/>\n&#8211; inklusive Einfachabschlagmesser<br \/>\n&#8211; 400 V \/ 50 Hz \/ 3 Phasen<\/p>\n","protected":false},"excerpt":{"rendered":"<p>&#8211; 2,6 kW Motorleistung &#8211; Kammergr\u00f6\u00dfe: 90 x 90 x 310 mm &#8211; Maximaler Durchsatz: 950 kg\/h &#8211; Abschnittl\u00e4nge stufenlos bis zu 45 mm einstellbar &#8211; hoher Durchsatz \u2013 bis zu 560 Abschnitte pro Minute &#8211; Hygienet\u00fcr mit Abdeckklappe f\u00fcr Euro2-Kisten auf Rollwagen &#8211; Hydrauliktank aus korrosionsbest\u00e4ndigem Edelstahl &#8211; fahrbar mit Lenkrolle &#8211; hervorragendes Maschinenhandling: &#8230; <a title=\"Foodlogistik W\u00fcrfelschneider Classic 90\" class=\"read-more\" href=\"https:\/\/www.strasser.co.at\/de\/produkt\/foodlogistik-wuerfelschneider-classic-90\/\" aria-label=\"Mehr dazu unter Foodlogistik W\u00fcrfelschneider Classic 90\">Weiterlesen<\/a><\/p>\n","protected":false},"featured_media":30681,"comment_status":"closed","ping_status":"closed","template":"","meta":{"_acf_changed":false,"_crsspst_to_strasser-maschinench":true,"inline_featured_image":false},"product_cat":[233],"product_tag":[],"class_list":{"0":"post-30462","1":"product","2":"type-product","3":"status-publish","4":"has-post-thumbnail","6":"product_cat-wuerfelschneider","8":"first","9":"instock","10":"taxable","11":"shipping-taxable","12":"product-type-simple"},"acf":[],"_links":{"self":[{"href":"https:\/\/www.strasser.co.at\/de\/wp-json\/wp\/v2\/product\/30462","targetHints":{"allow":["GET"]}}],"collection":[{"href":"https:\/\/www.strasser.co.at\/de\/wp-json\/wp\/v2\/product"}],"about":[{"href":"https:\/\/www.strasser.co.at\/de\/wp-json\/wp\/v2\/types\/product"}],"replies":[{"embeddable":true,"href":"https:\/\/www.strasser.co.at\/de\/wp-json\/wp\/v2\/comments?post=30462"}],"wp:featuredmedia":[{"embeddable":true,"href":"https:\/\/www.strasser.co.at\/de\/wp-json\/wp\/v2\/media\/30681"}],"wp:attachment":[{"href":"https:\/\/www.strasser.co.at\/de\/wp-json\/wp\/v2\/media?parent=30462"}],"wp:term":[{"taxonomy":"product_cat","embeddable":true,"href":"https:\/\/www.strasser.co.at\/de\/wp-json\/wp\/v2\/product_cat?post=30462"},{"taxonomy":"product_tag","embeddable":true,"href":"https:\/\/www.strasser.co.at\/de\/wp-json\/wp\/v2\/product_tag?post=30462"}],"curies":[{"name":"wp","href":"https:\/\/api.w.org\/{rel}","templated":true}]}}