{"id":30493,"date":"2026-01-19T15:05:49","date_gmt":"2026-01-19T14:05:49","guid":{"rendered":"https:\/\/www.strasser.co.at\/?post_type=product&#038;p=30493"},"modified":"2026-01-19T15:05:50","modified_gmt":"2026-01-19T14:05:50","slug":"vc999-vakuummaschine-k3","status":"publish","type":"product","link":"https:\/\/www.strasser.co.at\/de\/produkt\/vc999-vakuummaschine-k3\/","title":{"rendered":"VC999 Vakuummaschine K3"},"content":{"rendered":"<p>&#8211; mit Mikroprozessor-Steuerung<br \/>\nzur einfachen Programmwahl und Bedienung<br \/>\n&#8211; Deckel mit Sichtfenster<br \/>\n&#8211; Doppelschweissnaht<br \/>\n&#8211; w\u00e4hlbarer Vakuum-Sollwert oder<br \/>\n&#8220;Vakuumieren bis zum Verdampfungszeitpunkt&#8221;<br \/>\n(automatisch reguliertes Vakuum)<br \/>\n&#8211; mit Vakuum Schnellstop<br \/>\n&#8211; mit Green-Vac-Anschluss<br \/>\n&#8211; Soft-Bel\u00fcftung &#8211; zur Schonung von Verpackungs-<br \/>\ngut und -material, f\u00fcr den Druckausgleich<br \/>\n&#8211; kompakte modulare Bauweise<br \/>\n&#8211; Geh\u00e4use aus rostfreien Materialien<br \/>\n&#8211; leicht zu reinigen<br \/>\nSchweissschienenl\u00e4nge: 470 mm<br \/>\nKammerinnenma\u00dfe (BxHxT): 480 x 150 x 380 mm<br \/>\nVakuumpumpe: 20 m\u00b3\/h<br \/>\nMax. Vakuum: 99,9 %<br \/>\nTaktleistung: 2 &#8211; 3 Takt \/ Min.<br \/>\nAnschlusswert: 230 V\/50 Hz 1,3 kW<br \/>\nMaschinenabmessungen (BxHxT): 520 x 372 x 590 mm<br \/>\nGewicht: 72 kg<\/p>\n","protected":false},"excerpt":{"rendered":"<p>&#8211; mit Mikroprozessor-Steuerung zur einfachen Programmwahl und Bedienung &#8211; Deckel mit Sichtfenster &#8211; Doppelschweissnaht &#8211; w\u00e4hlbarer Vakuum-Sollwert oder &#8220;Vakuumieren bis zum Verdampfungszeitpunkt&#8221; (automatisch reguliertes Vakuum) &#8211; mit Vakuum Schnellstop &#8211; mit Green-Vac-Anschluss &#8211; Soft-Bel\u00fcftung &#8211; zur Schonung von Verpackungs- gut und -material, f\u00fcr den Druckausgleich &#8211; kompakte modulare Bauweise &#8211; Geh\u00e4use aus rostfreien Materialien &#8211; &#8230; <a title=\"VC999 Vakuummaschine K3\" class=\"read-more\" href=\"https:\/\/www.strasser.co.at\/de\/produkt\/vc999-vakuummaschine-k3\/\" aria-label=\"Mehr dazu unter VC999 Vakuummaschine K3\">Weiterlesen<\/a><\/p>\n","protected":false},"featured_media":0,"comment_status":"closed","ping_status":"closed","template":"","meta":{"_acf_changed":false,"_crsspst_to_strasser-maschinench":true,"inline_featured_image":false},"product_cat":[230],"product_tag":[],"class_list":{"0":"post-30493","1":"product","2":"type-product","3":"status-publish","5":"product_cat-vakuummaschinen-2","7":"first","8":"instock","9":"taxable","10":"shipping-taxable","11":"product-type-simple"},"acf":[],"_links":{"self":[{"href":"https:\/\/www.strasser.co.at\/de\/wp-json\/wp\/v2\/product\/30493","targetHints":{"allow":["GET"]}}],"collection":[{"href":"https:\/\/www.strasser.co.at\/de\/wp-json\/wp\/v2\/product"}],"about":[{"href":"https:\/\/www.strasser.co.at\/de\/wp-json\/wp\/v2\/types\/product"}],"replies":[{"embeddable":true,"href":"https:\/\/www.strasser.co.at\/de\/wp-json\/wp\/v2\/comments?post=30493"}],"wp:attachment":[{"href":"https:\/\/www.strasser.co.at\/de\/wp-json\/wp\/v2\/media?parent=30493"}],"wp:term":[{"taxonomy":"product_cat","embeddable":true,"href":"https:\/\/www.strasser.co.at\/de\/wp-json\/wp\/v2\/product_cat?post=30493"},{"taxonomy":"product_tag","embeddable":true,"href":"https:\/\/www.strasser.co.at\/de\/wp-json\/wp\/v2\/product_tag?post=30493"}],"curies":[{"name":"wp","href":"https:\/\/api.w.org\/{rel}","templated":true}]}}