{"id":30564,"date":"2026-01-30T06:49:41","date_gmt":"2026-01-30T05:49:41","guid":{"rendered":"https:\/\/www.strasser.co.at\/?post_type=product&#038;p=30564"},"modified":"2026-01-30T06:49:42","modified_gmt":"2026-01-30T05:49:42","slug":"seydelmann-kutter-k120-dc-8q","status":"publish","type":"product","link":"https:\/\/www.strasser.co.at\/de\/produkt\/seydelmann-kutter-k120-dc-8q\/","title":{"rendered":"Seydelmann Kutter K120 DC-8Q"},"content":{"rendered":"<p>weitgehend massiv aus Edelstahl rostfrei<br \/>\n120 L Sch\u00fcssel aus Edelstahl rostfrei<br \/>\nstufenlos regelbare Messergeschwindigkeiten<br \/>\nje 2 Mischg\u00e4nge vorw\u00e4rts und r\u00fcckw\u00e4rts<br \/>\n2 Sch\u00fcsselgeschwindigkeiten<br \/>\nKreuzhebelschaltung<br \/>\nL\u00e4rmschutzdeckel, handbet\u00e4tigt<br \/>\nHauptdeckel, handbet\u00e4tigt<br \/>\nProduktauswerfer links<br \/>\nAnzeige Micro 12, in separatem Edelstahlgeh\u00e4use<br \/>\nTemperatur- und Zeitabschaltung<br \/>\nca. 80 kW Leistung, 400V, 50 Hz,<br \/>\nEdelstahl Schaltschrank, separat von der Maschine<br \/>\n6 Kuttermesser gebraucht, mit Zubeh\u00f6r<\/p>\n","protected":false},"excerpt":{"rendered":"<p>weitgehend massiv aus Edelstahl rostfrei 120 L Sch\u00fcssel aus Edelstahl rostfrei stufenlos regelbare Messergeschwindigkeiten je 2 Mischg\u00e4nge vorw\u00e4rts und r\u00fcckw\u00e4rts 2 Sch\u00fcsselgeschwindigkeiten Kreuzhebelschaltung L\u00e4rmschutzdeckel, handbet\u00e4tigt Hauptdeckel, handbet\u00e4tigt Produktauswerfer links Anzeige Micro 12, in separatem Edelstahlgeh\u00e4use Temperatur- und Zeitabschaltung ca. 80 kW Leistung, 400V, 50 Hz, Edelstahl Schaltschrank, separat von der Maschine 6 Kuttermesser gebraucht, mit &#8230; <a title=\"Seydelmann Kutter K120 DC-8Q\" class=\"read-more\" href=\"https:\/\/www.strasser.co.at\/de\/produkt\/seydelmann-kutter-k120-dc-8q\/\" aria-label=\"Mehr dazu unter Seydelmann Kutter K120 DC-8Q\">Weiterlesen<\/a><\/p>\n","protected":false},"featured_media":0,"comment_status":"closed","ping_status":"closed","template":"","meta":{"_acf_changed":false,"_crsspst_to_strasser-maschinench":true,"inline_featured_image":false},"product_cat":[98],"product_tag":[],"class_list":{"0":"post-30564","1":"product","2":"type-product","3":"status-publish","5":"product_cat-kutter","7":"first","8":"instock","9":"taxable","10":"shipping-taxable","11":"product-type-simple"},"acf":[],"_links":{"self":[{"href":"https:\/\/www.strasser.co.at\/de\/wp-json\/wp\/v2\/product\/30564","targetHints":{"allow":["GET"]}}],"collection":[{"href":"https:\/\/www.strasser.co.at\/de\/wp-json\/wp\/v2\/product"}],"about":[{"href":"https:\/\/www.strasser.co.at\/de\/wp-json\/wp\/v2\/types\/product"}],"replies":[{"embeddable":true,"href":"https:\/\/www.strasser.co.at\/de\/wp-json\/wp\/v2\/comments?post=30564"}],"wp:attachment":[{"href":"https:\/\/www.strasser.co.at\/de\/wp-json\/wp\/v2\/media?parent=30564"}],"wp:term":[{"taxonomy":"product_cat","embeddable":true,"href":"https:\/\/www.strasser.co.at\/de\/wp-json\/wp\/v2\/product_cat?post=30564"},{"taxonomy":"product_tag","embeddable":true,"href":"https:\/\/www.strasser.co.at\/de\/wp-json\/wp\/v2\/product_tag?post=30564"}],"curies":[{"name":"wp","href":"https:\/\/api.w.org\/{rel}","templated":true}]}}