{"id":30566,"date":"2026-01-30T07:18:29","date_gmt":"2026-01-30T06:18:29","guid":{"rendered":"https:\/\/www.strasser.co.at\/?post_type=product&#038;p=30566"},"modified":"2026-04-03T08:37:53","modified_gmt":"2026-04-03T06:37:53","slug":"vakona-kuehltumbler-esk-300-stl","status":"publish","type":"product","link":"https:\/\/www.strasser.co.at\/de\/produkt\/vakona-kuehltumbler-esk-300-stl\/","title":{"rendered":"Vakona K\u00fchltumbler ESK 300 STL"},"content":{"rendered":"<p>&#8211; Volumen: 300 L<br \/>\n&#8211; Maschine aus Edelstahl<br \/>\n&#8211; Kapazit\u00e4t je nach Produkt: 25-210 kg<br \/>\n&#8211; Touch-Screen Steuerung mit 99 Programmen<br \/>\n&#8211; Hochleistungsvakuumpumpe<br \/>\n&#8211; Automatische Bel\u00fcftung\/ Intervalle<br \/>\n&#8211; Steril-Filtersystem<br \/>\n&#8211; Direktk\u00fchlsystem im Doppelmantelbeh\u00e4lter<br \/>\n&#8211; stufenloses Schwenken des Beh\u00e4lters<br \/>\n&#8211; elektrische Deckelbet\u00e4tigung<br \/>\n&#8211; fahrbar<br \/>\n&#8211; Edelstahl-Massierarm inkl. Abstreifer<br \/>\n&#8211; Mischarm optional<br \/>\n&#8211; 400 V, 50 Hz, 16 A<\/p>\n","protected":false},"excerpt":{"rendered":"<p>&#8211; Volumen: 300 L &#8211; Maschine aus Edelstahl &#8211; Kapazit\u00e4t je nach Produkt: 25-210 kg &#8211; Touch-Screen Steuerung mit 99 Programmen &#8211; Hochleistungsvakuumpumpe &#8211; Automatische Bel\u00fcftung\/ Intervalle &#8211; Steril-Filtersystem &#8211; Direktk\u00fchlsystem im Doppelmantelbeh\u00e4lter &#8211; stufenloses Schwenken des Beh\u00e4lters &#8211; elektrische Deckelbet\u00e4tigung &#8211; fahrbar &#8211; Edelstahl-Massierarm inkl. Abstreifer &#8211; Mischarm optional &#8211; 400 V, 50 Hz, &#8230; <a title=\"Vakona K\u00fchltumbler ESK 300 STL\" class=\"read-more\" href=\"https:\/\/www.strasser.co.at\/de\/produkt\/vakona-kuehltumbler-esk-300-stl\/\" aria-label=\"Mehr dazu unter Vakona K\u00fchltumbler ESK 300 STL\">Weiterlesen<\/a><\/p>\n","protected":false},"featured_media":30988,"comment_status":"closed","ping_status":"closed","template":"","meta":{"_acf_changed":false,"_crsspst_to_strasser-maschinench":true,"inline_featured_image":false},"product_cat":[227],"product_tag":[],"class_list":{"0":"post-30566","1":"product","2":"type-product","3":"status-publish","4":"has-post-thumbnail","6":"product_cat-tumbler","8":"first","9":"instock","10":"taxable","11":"shipping-taxable","12":"product-type-simple"},"acf":[],"_links":{"self":[{"href":"https:\/\/www.strasser.co.at\/de\/wp-json\/wp\/v2\/product\/30566","targetHints":{"allow":["GET"]}}],"collection":[{"href":"https:\/\/www.strasser.co.at\/de\/wp-json\/wp\/v2\/product"}],"about":[{"href":"https:\/\/www.strasser.co.at\/de\/wp-json\/wp\/v2\/types\/product"}],"replies":[{"embeddable":true,"href":"https:\/\/www.strasser.co.at\/de\/wp-json\/wp\/v2\/comments?post=30566"}],"wp:featuredmedia":[{"embeddable":true,"href":"https:\/\/www.strasser.co.at\/de\/wp-json\/wp\/v2\/media\/30988"}],"wp:attachment":[{"href":"https:\/\/www.strasser.co.at\/de\/wp-json\/wp\/v2\/media?parent=30566"}],"wp:term":[{"taxonomy":"product_cat","embeddable":true,"href":"https:\/\/www.strasser.co.at\/de\/wp-json\/wp\/v2\/product_cat?post=30566"},{"taxonomy":"product_tag","embeddable":true,"href":"https:\/\/www.strasser.co.at\/de\/wp-json\/wp\/v2\/product_tag?post=30566"}],"curies":[{"name":"wp","href":"https:\/\/api.w.org\/{rel}","templated":true}]}}