{"id":30582,"date":"2026-02-03T08:00:53","date_gmt":"2026-02-03T07:00:53","guid":{"rendered":"https:\/\/www.strasser.co.at\/?post_type=product&#038;p=30582"},"modified":"2026-04-03T08:51:40","modified_gmt":"2026-04-03T06:51:40","slug":"alpina-vak-kutter-ttchop-330v","status":"publish","type":"product","link":"https:\/\/www.strasser.co.at\/de\/produkt\/alpina-vak-kutter-ttchop-330v\/","title":{"rendered":"Alpina Vak. Kutter TTChop 330V"},"content":{"rendered":"<p>weitgehend komplett aus Edelstahl rostfrei<br \/>\nSch\u00fcssel massiv aus Edelstahl rostfrei<br \/>\nSch\u00fcssel-Inhalt ca. 330 Liter<br \/>\nstufenlos regelbare Geschwindigkeiten<br \/>\nElektrische Anschlusswerte: 140kW \/ 400 Volt<br \/>\nMischg\u00e4nge<br \/>\nAuswerfer, rechts<br \/>\nBeladung BW200, links<br \/>\nL\u00e4rmschutzdeckel, hydraulisch bet\u00e4tigt<br \/>\nHauptdeckel, hydraulisch bet\u00e4tigt<br \/>\nGewicht: 6.300 kg<br \/>\n6 Kuttermesser, mit Zubeh\u00f6r<\/p>\n","protected":false},"excerpt":{"rendered":"<p>weitgehend komplett aus Edelstahl rostfrei Sch\u00fcssel massiv aus Edelstahl rostfrei Sch\u00fcssel-Inhalt ca. 330 Liter stufenlos regelbare Geschwindigkeiten Elektrische Anschlusswerte: 140kW \/ 400 Volt Mischg\u00e4nge Auswerfer, rechts Beladung BW200, links L\u00e4rmschutzdeckel, hydraulisch bet\u00e4tigt Hauptdeckel, hydraulisch bet\u00e4tigt Gewicht: 6.300 kg 6 Kuttermesser, mit Zubeh\u00f6r<\/p>\n","protected":false},"featured_media":30996,"comment_status":"closed","ping_status":"closed","template":"","meta":{"_acf_changed":false,"_crsspst_to_strasser-maschinench":true,"inline_featured_image":false},"product_cat":[98],"product_tag":[],"class_list":{"0":"post-30582","1":"product","2":"type-product","3":"status-publish","4":"has-post-thumbnail","6":"product_cat-kutter","8":"first","9":"instock","10":"taxable","11":"shipping-taxable","12":"product-type-simple"},"acf":[],"_links":{"self":[{"href":"https:\/\/www.strasser.co.at\/de\/wp-json\/wp\/v2\/product\/30582","targetHints":{"allow":["GET"]}}],"collection":[{"href":"https:\/\/www.strasser.co.at\/de\/wp-json\/wp\/v2\/product"}],"about":[{"href":"https:\/\/www.strasser.co.at\/de\/wp-json\/wp\/v2\/types\/product"}],"replies":[{"embeddable":true,"href":"https:\/\/www.strasser.co.at\/de\/wp-json\/wp\/v2\/comments?post=30582"}],"wp:featuredmedia":[{"embeddable":true,"href":"https:\/\/www.strasser.co.at\/de\/wp-json\/wp\/v2\/media\/30996"}],"wp:attachment":[{"href":"https:\/\/www.strasser.co.at\/de\/wp-json\/wp\/v2\/media?parent=30582"}],"wp:term":[{"taxonomy":"product_cat","embeddable":true,"href":"https:\/\/www.strasser.co.at\/de\/wp-json\/wp\/v2\/product_cat?post=30582"},{"taxonomy":"product_tag","embeddable":true,"href":"https:\/\/www.strasser.co.at\/de\/wp-json\/wp\/v2\/product_tag?post=30582"}],"curies":[{"name":"wp","href":"https:\/\/api.w.org\/{rel}","templated":true}]}}