{"id":30694,"date":"2026-02-16T13:25:28","date_gmt":"2026-02-16T12:25:28","guid":{"rendered":"https:\/\/www.strasser.co.at\/?post_type=product&#038;p=30694"},"modified":"2026-02-16T13:25:28","modified_gmt":"2026-02-16T12:25:28","slug":"henneken-vak-tumbler-k-1500","status":"publish","type":"product","link":"https:\/\/www.strasser.co.at\/de\/produkt\/henneken-vak-tumbler-k-1500\/","title":{"rendered":"Henneken Vak. Tumbler K-1500"},"content":{"rendered":"<div>&#8211; zum Massieren, Salzen, Tumbeln, Marinieren<\/div>\n<div>&#8211; mit K\u00fchlmantel f\u00fcr Glykol-Wasser<\/div>\n<div>&#8211; massive Edelstahlkonstruktion mit Pr\u00e4zisionsbeh\u00e4lter<\/div>\n<div>&#8211; schr\u00e4g verschwei\u00dfte Schikanen f\u00fcr 3D &#8211; Tumbleeffekt<\/div>\n<div>\u00a0 f\u00fcr kontrollierte, schonende Dreh-, Rutsch und<\/div>\n<div>\u00a0 Gleitbewegungen<\/div>\n<div>&#8211; programmierbare Siemens Touch Steuerung in<\/div>\n<div>\u00a0 separatem Edelstahlgeh\u00e4use<\/div>\n<div>&#8211; stufenlos regelbare Drehzahl<\/div>\n<div>&#8211; Ansaugvorrichtung f\u00fcr Lake und\/oder Additive<\/div>\n<div>&#8211; Auswurfschikane zum schnellen, schonenden<\/div>\n<div>\u00a0 Produktaustrag<\/div>\n<div>Volumen: 1500 Ltr.<\/div>\n<div>Beh\u00e4lterma\u00dfe: Drm. 1200 x L 1000 mm<\/div>\n<div>Getriebe: \u00a0 \u00a0 \u00a0 \u00a0 \u00a0 \u00a0 \u00a0 \u00a01,5 kW SEW<\/div>\n<div>Spannung: 400 V, 50 Hz, 3 Phasen<\/div>\n<div>Drehzahl: stufenlos 0,5\u201310 Umdrehungen\/Minute<\/div>\n<div>Vakuumpumpe: 1,1 kW Busch 0040<\/div>\n<div>Wasserabsch.: 10 ltr. mit Ablassventil<\/div>\n<div>auf der rechten Seite der<\/div>\n<div>Maschinenhaube montiert<\/div>\n<div>Steuerung: Siemens KTP 700 \/ SPS S7; 34<\/div>\n<div>Programme am Schaltungsarm<\/div>\n<div>auf der rechten Seite des Tumblers<\/div>\n<div>Schutzart: IP 66<\/div>\n<div>Deckel: Drm. 450 mm mit Lakeansaugvorrichtung<\/div>\n<div>Reinigungs\u00f6ffn.: Drm. 150 mm (zus. \u00d6ffnung optional)<\/div>\n<div>&#8211; inkl. komplette K\u00fchlbox, integriert<\/div>\n","protected":false},"excerpt":{"rendered":"<p>&#8211; zum Massieren, Salzen, Tumbeln, Marinieren &#8211; mit K\u00fchlmantel f\u00fcr Glykol-Wasser &#8211; massive Edelstahlkonstruktion mit Pr\u00e4zisionsbeh\u00e4lter &#8211; schr\u00e4g verschwei\u00dfte Schikanen f\u00fcr 3D &#8211; Tumbleeffekt \u00a0 f\u00fcr kontrollierte, schonende Dreh-, Rutsch und \u00a0 Gleitbewegungen &#8211; programmierbare Siemens Touch Steuerung in \u00a0 separatem Edelstahlgeh\u00e4use &#8211; stufenlos regelbare Drehzahl &#8211; Ansaugvorrichtung f\u00fcr Lake und\/oder Additive &#8211; Auswurfschikane zum &#8230; <a title=\"Henneken Vak. Tumbler K-1500\" class=\"read-more\" href=\"https:\/\/www.strasser.co.at\/de\/produkt\/henneken-vak-tumbler-k-1500\/\" aria-label=\"Mehr dazu unter Henneken Vak. Tumbler K-1500\">Weiterlesen<\/a><\/p>\n","protected":false},"featured_media":30691,"comment_status":"closed","ping_status":"closed","template":"","meta":{"_acf_changed":false,"_crsspst_to_strasser-maschinench":true,"inline_featured_image":false},"product_cat":[227],"product_tag":[],"class_list":{"0":"post-30694","1":"product","2":"type-product","3":"status-publish","4":"has-post-thumbnail","6":"product_cat-tumbler","8":"first","9":"instock","10":"taxable","11":"shipping-taxable","12":"product-type-simple"},"acf":[],"_links":{"self":[{"href":"https:\/\/www.strasser.co.at\/de\/wp-json\/wp\/v2\/product\/30694","targetHints":{"allow":["GET"]}}],"collection":[{"href":"https:\/\/www.strasser.co.at\/de\/wp-json\/wp\/v2\/product"}],"about":[{"href":"https:\/\/www.strasser.co.at\/de\/wp-json\/wp\/v2\/types\/product"}],"replies":[{"embeddable":true,"href":"https:\/\/www.strasser.co.at\/de\/wp-json\/wp\/v2\/comments?post=30694"}],"wp:featuredmedia":[{"embeddable":true,"href":"https:\/\/www.strasser.co.at\/de\/wp-json\/wp\/v2\/media\/30691"}],"wp:attachment":[{"href":"https:\/\/www.strasser.co.at\/de\/wp-json\/wp\/v2\/media?parent=30694"}],"wp:term":[{"taxonomy":"product_cat","embeddable":true,"href":"https:\/\/www.strasser.co.at\/de\/wp-json\/wp\/v2\/product_cat?post=30694"},{"taxonomy":"product_tag","embeddable":true,"href":"https:\/\/www.strasser.co.at\/de\/wp-json\/wp\/v2\/product_tag?post=30694"}],"curies":[{"name":"wp","href":"https:\/\/api.w.org\/{rel}","templated":true}]}}