{"id":30697,"date":"2026-02-17T07:04:19","date_gmt":"2026-02-17T06:04:19","guid":{"rendered":"https:\/\/www.strasser.co.at\/?post_type=product&#038;p=30697"},"modified":"2026-03-02T07:42:03","modified_gmt":"2026-03-02T06:42:03","slug":"guenther-injektor-pi26","status":"publish","type":"product","link":"https:\/\/www.strasser.co.at\/de\/produkt\/guenther-injektor-pi26\/","title":{"rendered":"G\u00fcnther Injektor PI26"},"content":{"rendered":"<p>zum Injizieren von Fleisch mit und ohne Knochen<br \/>\n&#8211; Maschine aus Edelstahl<br \/>\n&#8211; 26 Nadeln, 2 Nadelreihen<br \/>\n&#8211; Nadeldurchmesser: 4 mm<br \/>\n&#8211; Arbeitsbreite: 345 mm<br \/>\n&#8211; Arbeitshub: 210 mm<br \/>\n&#8211; bedienerfreundliches, ergonomisches Design<br \/>\n&#8211; direkter Antrieb<br \/>\n&#8211; Pr\u00e4zisionsnadelk\u00f6pfe mit Schnellwechsel<br \/>\nNadel-Br\u00fcck-System<br \/>\n&#8211; mechanische Federung jeder einzelner<br \/>\nNadel f\u00fcr Produkte mit Knochen<br \/>\n&#8211; Vorfiltersystem<br \/>\n&#8211; Prozessparameter stufenlos regelbar<br \/>\n&#8211; Spezialf\u00f6rderband aus Poly\u00e4thylen einfach<br \/>\nherausnehmbar<\/p>\n","protected":false},"excerpt":{"rendered":"<p>zum Injizieren von Fleisch mit und ohne Knochen &#8211; Maschine aus Edelstahl &#8211; 26 Nadeln, 2 Nadelreihen &#8211; Nadeldurchmesser: 4 mm &#8211; Arbeitsbreite: 345 mm &#8211; Arbeitshub: 210 mm &#8211; bedienerfreundliches, ergonomisches Design &#8211; direkter Antrieb &#8211; Pr\u00e4zisionsnadelk\u00f6pfe mit Schnellwechsel Nadel-Br\u00fcck-System &#8211; mechanische Federung jeder einzelner Nadel f\u00fcr Produkte mit Knochen &#8211; Vorfiltersystem &#8211; Prozessparameter &#8230; <a title=\"G\u00fcnther Injektor PI26\" class=\"read-more\" href=\"https:\/\/www.strasser.co.at\/de\/produkt\/guenther-injektor-pi26\/\" aria-label=\"Mehr dazu unter G\u00fcnther Injektor PI26\">Weiterlesen<\/a><\/p>\n","protected":false},"featured_media":30773,"comment_status":"closed","ping_status":"closed","template":"","meta":{"_acf_changed":false,"_crsspst_to_strasser-maschinench":true,"inline_featured_image":false},"product_cat":[95],"product_tag":[],"class_list":{"0":"post-30697","1":"product","2":"type-product","3":"status-publish","4":"has-post-thumbnail","6":"product_cat-injektoren","8":"first","9":"instock","10":"taxable","11":"shipping-taxable","12":"product-type-simple"},"acf":[],"_links":{"self":[{"href":"https:\/\/www.strasser.co.at\/de\/wp-json\/wp\/v2\/product\/30697","targetHints":{"allow":["GET"]}}],"collection":[{"href":"https:\/\/www.strasser.co.at\/de\/wp-json\/wp\/v2\/product"}],"about":[{"href":"https:\/\/www.strasser.co.at\/de\/wp-json\/wp\/v2\/types\/product"}],"replies":[{"embeddable":true,"href":"https:\/\/www.strasser.co.at\/de\/wp-json\/wp\/v2\/comments?post=30697"}],"wp:featuredmedia":[{"embeddable":true,"href":"https:\/\/www.strasser.co.at\/de\/wp-json\/wp\/v2\/media\/30773"}],"wp:attachment":[{"href":"https:\/\/www.strasser.co.at\/de\/wp-json\/wp\/v2\/media?parent=30697"}],"wp:term":[{"taxonomy":"product_cat","embeddable":true,"href":"https:\/\/www.strasser.co.at\/de\/wp-json\/wp\/v2\/product_cat?post=30697"},{"taxonomy":"product_tag","embeddable":true,"href":"https:\/\/www.strasser.co.at\/de\/wp-json\/wp\/v2\/product_tag?post=30697"}],"curies":[{"name":"wp","href":"https:\/\/api.w.org\/{rel}","templated":true}]}}