{"id":30699,"date":"2026-02-17T07:19:13","date_gmt":"2026-02-17T06:19:13","guid":{"rendered":"https:\/\/www.strasser.co.at\/?post_type=product&#038;p=30699"},"modified":"2026-02-17T07:23:02","modified_gmt":"2026-02-17T06:23:02","slug":"frey-burgerformband-dm-fb-92","status":"publish","type":"product","link":"https:\/\/www.strasser.co.at\/de\/produkt\/frey-burgerformband-dm-fb-92\/","title":{"rendered":"Frey Burgerformband DM FB 92+"},"content":{"rendered":"<p>Automatische Linie zum Portionieren und Formen<br \/>\nvon Produkten mit abgerundeten Kanten<br \/>\n&#8211; Niederdruckverfahren im \u201eHome Made Style\u201c<br \/>\n&#8211; Bestehend aus CLB CAN, FB und DM92<br \/>\n&#8211; inkl. Bandbefeuchtung, Abstreifer, Auffangwanne<br \/>\nund \u00fcberwachter Schutzhaube<br \/>\n&#8211; Digitale Steuerung \u00fcber F\u00fcllersteuerung TC<br \/>\n&#8211; Taktzahl, Bandgeschwindigkeiten, St\u00fcckvorwahl<br \/>\nund Portionsz\u00e4hler frei einstellbar und reproduzierbar<br \/>\n&#8211; H\u00f6henverstellbares Transportband zum<br \/>\nF\u00fcllmaschinenauslauf<br \/>\n&#8211; L\u00e4ngsf\u00fcllen m\u00f6glich (z. B. f\u00fcr Cevapcici)<br \/>\n&#8211; Einfache Reinigung durch abnehmbare\/l\u00f6sbare<br \/>\nTransportb\u00e4nder<br \/>\n&#8211; Voll integrierte Steuerung mit Schaltschrank und<br \/>\ngesch\u00fctzter Anschlussbox<br \/>\n&#8211; Portionsvolumen, Formdurchmesser und -dicke flexibel<br \/>\nw\u00e4hlbar<br \/>\n&#8211; Produktdurchmesser: ca. 30\u2013150 mm<br \/>\n&#8211; Produkth\u00f6he: ca. 5\u201355 mm<br \/>\n&#8211; Max. Durchlass: 20\u201390 mm<br \/>\n&#8211; 2 Vektor-Drives zur Bandgeschwindigkeitsregelung<br \/>\n&#8211; RFID-Sicherheitstechnik<br \/>\n&#8211; inkl. 2 Eins\u00e4tze mit Bohrung nach Wahl<br \/>\n&#8211; Anschluss: 0,7 kW \/ 230 V \/ 50\u201360 Hz<\/p>\n","protected":false},"excerpt":{"rendered":"<p>Automatische Linie zum Portionieren und Formen von Produkten mit abgerundeten Kanten &#8211; Niederdruckverfahren im \u201eHome Made Style\u201c &#8211; Bestehend aus CLB CAN, FB und DM92 &#8211; inkl. Bandbefeuchtung, Abstreifer, Auffangwanne und \u00fcberwachter Schutzhaube &#8211; Digitale Steuerung \u00fcber F\u00fcllersteuerung TC &#8211; Taktzahl, Bandgeschwindigkeiten, St\u00fcckvorwahl und Portionsz\u00e4hler frei einstellbar und reproduzierbar &#8211; H\u00f6henverstellbares Transportband zum F\u00fcllmaschinenauslauf &#8211; &#8230; <a title=\"Frey Burgerformband DM FB 92+\" class=\"read-more\" href=\"https:\/\/www.strasser.co.at\/de\/produkt\/frey-burgerformband-dm-fb-92\/\" aria-label=\"Mehr dazu unter Frey Burgerformband DM FB 92+\">Weiterlesen<\/a><\/p>\n","protected":false},"featured_media":30708,"comment_status":"closed","ping_status":"closed","template":"","meta":{"_acf_changed":false,"_crsspst_to_strasser-maschinench":true,"inline_featured_image":false},"product_cat":[197],"product_tag":[],"class_list":{"0":"post-30699","1":"product","2":"type-product","3":"status-publish","4":"has-post-thumbnail","6":"product_cat-burgerformer-2","8":"first","9":"instock","10":"taxable","11":"shipping-taxable","12":"product-type-simple"},"acf":[],"_links":{"self":[{"href":"https:\/\/www.strasser.co.at\/de\/wp-json\/wp\/v2\/product\/30699","targetHints":{"allow":["GET"]}}],"collection":[{"href":"https:\/\/www.strasser.co.at\/de\/wp-json\/wp\/v2\/product"}],"about":[{"href":"https:\/\/www.strasser.co.at\/de\/wp-json\/wp\/v2\/types\/product"}],"replies":[{"embeddable":true,"href":"https:\/\/www.strasser.co.at\/de\/wp-json\/wp\/v2\/comments?post=30699"}],"wp:featuredmedia":[{"embeddable":true,"href":"https:\/\/www.strasser.co.at\/de\/wp-json\/wp\/v2\/media\/30708"}],"wp:attachment":[{"href":"https:\/\/www.strasser.co.at\/de\/wp-json\/wp\/v2\/media?parent=30699"}],"wp:term":[{"taxonomy":"product_cat","embeddable":true,"href":"https:\/\/www.strasser.co.at\/de\/wp-json\/wp\/v2\/product_cat?post=30699"},{"taxonomy":"product_tag","embeddable":true,"href":"https:\/\/www.strasser.co.at\/de\/wp-json\/wp\/v2\/product_tag?post=30699"}],"curies":[{"name":"wp","href":"https:\/\/api.w.org\/{rel}","templated":true}]}}