{"id":30794,"date":"2026-03-03T11:10:05","date_gmt":"2026-03-03T10:10:05","guid":{"rendered":"https:\/\/www.strasser.co.at\/?post_type=product&#038;p=30794"},"modified":"2026-03-03T11:10:06","modified_gmt":"2026-03-03T10:10:06","slug":"vakona-vak-kuehl-tumbler-esk-125-stl","status":"publish","type":"product","link":"https:\/\/www.strasser.co.at\/de\/produkt\/vakona-vak-kuehl-tumbler-esk-125-stl\/","title":{"rendered":"Vakona Vak. K\u00fchl Tumbler ESK 125\/STL"},"content":{"rendered":"<p>Volumen: 125 L<br \/>\nMaschine aus Edelstahl<br \/>\nProgrammsteuerung<br \/>\nHochleistungs-Vakuumpumpe, integriert<br \/>\nAutomatische Bel\u00fcftung \/ Intervalle<br \/>\nkippbar zur vollst\u00e4ndigen Entleerung<br \/>\nkomplett isolierter Beh\u00e4lter<br \/>\nleistungsstarkes K\u00fchlaggregat<br \/>\nstufenlos regelbarer Getriebemotor<br \/>\nMassierarm mit Abstreifer, abnehmbar<br \/>\nMischarm mit Abstreifer, abnehmbar<br \/>\nfahrbar<br \/>\nCE-Konform<\/p>\n","protected":false},"excerpt":{"rendered":"<p>Volumen: 125 L Maschine aus Edelstahl Programmsteuerung Hochleistungs-Vakuumpumpe, integriert Automatische Bel\u00fcftung \/ Intervalle kippbar zur vollst\u00e4ndigen Entleerung komplett isolierter Beh\u00e4lter leistungsstarkes K\u00fchlaggregat stufenlos regelbarer Getriebemotor Massierarm mit Abstreifer, abnehmbar Mischarm mit Abstreifer, abnehmbar fahrbar CE-Konform<\/p>\n","protected":false},"featured_media":0,"comment_status":"closed","ping_status":"closed","template":"","meta":{"_acf_changed":false,"_crsspst_to_strasser-maschinench":true,"inline_featured_image":false},"product_cat":[227],"product_tag":[],"class_list":{"0":"post-30794","1":"product","2":"type-product","3":"status-publish","5":"product_cat-tumbler","7":"first","8":"instock","9":"taxable","10":"shipping-taxable","11":"product-type-simple"},"acf":[],"_links":{"self":[{"href":"https:\/\/www.strasser.co.at\/de\/wp-json\/wp\/v2\/product\/30794","targetHints":{"allow":["GET"]}}],"collection":[{"href":"https:\/\/www.strasser.co.at\/de\/wp-json\/wp\/v2\/product"}],"about":[{"href":"https:\/\/www.strasser.co.at\/de\/wp-json\/wp\/v2\/types\/product"}],"replies":[{"embeddable":true,"href":"https:\/\/www.strasser.co.at\/de\/wp-json\/wp\/v2\/comments?post=30794"}],"wp:attachment":[{"href":"https:\/\/www.strasser.co.at\/de\/wp-json\/wp\/v2\/media?parent=30794"}],"wp:term":[{"taxonomy":"product_cat","embeddable":true,"href":"https:\/\/www.strasser.co.at\/de\/wp-json\/wp\/v2\/product_cat?post=30794"},{"taxonomy":"product_tag","embeddable":true,"href":"https:\/\/www.strasser.co.at\/de\/wp-json\/wp\/v2\/product_tag?post=30794"}],"curies":[{"name":"wp","href":"https:\/\/api.w.org\/{rel}","templated":true}]}}