{"id":30892,"date":"2026-03-16T10:44:51","date_gmt":"2026-03-16T09:44:51","guid":{"rendered":"https:\/\/www.strasser.co.at\/?post_type=product&#038;p=30892"},"modified":"2026-03-16T10:44:51","modified_gmt":"2026-03-16T09:44:51","slug":"mainca-mischmaschine-typ-rc-100-2","status":"publish","type":"product","link":"https:\/\/www.strasser.co.at\/de\/produkt\/mainca-mischmaschine-typ-rc-100-2\/","title":{"rendered":"Mainca Mischmaschine Typ RC-100"},"content":{"rendered":"<p>Konstruktion aus rostfreiem Edelstahl<br \/>\nkippbar zur Entleerung<br \/>\nMischpaddel zur Reinigung entnehmbar<br \/>\nVor- und R\u00fccklauf manuell umschaltbar<br \/>\nMotor: III: 400 V, 50 Hz, 1,3 kW<br \/>\nKapazit\u00e4t in ltr.: 95 l<br \/>\nKapazit\u00e4t in kg: ca. 65 kg<br \/>\nfahrbare Ausf\u00fchrung<\/p>\n","protected":false},"excerpt":{"rendered":"<p>Konstruktion aus rostfreiem Edelstahl kippbar zur Entleerung Mischpaddel zur Reinigung entnehmbar Vor- und R\u00fccklauf manuell umschaltbar Motor: III: 400 V, 50 Hz, 1,3 kW Kapazit\u00e4t in ltr.: 95 l Kapazit\u00e4t in kg: ca. 65 kg fahrbare Ausf\u00fchrung<\/p>\n","protected":false},"featured_media":30893,"comment_status":"closed","ping_status":"closed","template":"","meta":{"_acf_changed":false,"_crsspst_to_strasser-maschinench":true,"inline_featured_image":false},"product_cat":[209],"product_tag":[],"class_list":{"0":"post-30892","1":"product","2":"type-product","3":"status-publish","4":"has-post-thumbnail","6":"product_cat-mischer","8":"first","9":"instock","10":"taxable","11":"shipping-taxable","12":"product-type-simple"},"acf":[],"_links":{"self":[{"href":"https:\/\/www.strasser.co.at\/de\/wp-json\/wp\/v2\/product\/30892","targetHints":{"allow":["GET"]}}],"collection":[{"href":"https:\/\/www.strasser.co.at\/de\/wp-json\/wp\/v2\/product"}],"about":[{"href":"https:\/\/www.strasser.co.at\/de\/wp-json\/wp\/v2\/types\/product"}],"replies":[{"embeddable":true,"href":"https:\/\/www.strasser.co.at\/de\/wp-json\/wp\/v2\/comments?post=30892"}],"wp:featuredmedia":[{"embeddable":true,"href":"https:\/\/www.strasser.co.at\/de\/wp-json\/wp\/v2\/media\/30893"}],"wp:attachment":[{"href":"https:\/\/www.strasser.co.at\/de\/wp-json\/wp\/v2\/media?parent=30892"}],"wp:term":[{"taxonomy":"product_cat","embeddable":true,"href":"https:\/\/www.strasser.co.at\/de\/wp-json\/wp\/v2\/product_cat?post=30892"},{"taxonomy":"product_tag","embeddable":true,"href":"https:\/\/www.strasser.co.at\/de\/wp-json\/wp\/v2\/product_tag?post=30892"}],"curies":[{"name":"wp","href":"https:\/\/api.w.org\/{rel}","templated":true}]}}