{"id":30936,"date":"2026-03-27T06:43:13","date_gmt":"2026-03-27T05:43:13","guid":{"rendered":"https:\/\/www.strasser.co.at\/?post_type=product&#038;p=30936"},"modified":"2026-03-27T06:43:55","modified_gmt":"2026-03-27T05:43:55","slug":"jeros-spuelmaschine-9130-2","status":"publish","type":"product","link":"https:\/\/www.strasser.co.at\/de\/produkt\/jeros-spuelmaschine-9130-2\/","title":{"rendered":"Jeros Sp\u00fclmaschine 9130"},"content":{"rendered":"<p>&#8211; Hygienische Maschinenausf\u00fchrung\/Design<br \/>\n&#8211; Selbstreinigendes System<br \/>\n&#8211; Energiereduzierung bis zu 25%<br \/>\n&#8211; Umweltfreundliches Sparprogramm<br \/>\n&#8211; Bedienerfreundliche Steuerung<br \/>\n&#8211; Auto-Aus-Funktion<br \/>\n&#8211; Integrierte Mischbatterie<br \/>\n&#8211; Doppelwandige isolierte Haube<br \/>\n&#8211; Wasch- und Sp\u00fcltank isoliert<br \/>\n&#8211; Wassersparende Nachsp\u00fcld\u00fcsen<br \/>\n&#8211; inkl. vollautomatische, leitwertgesteuerte Seifendosierung<br \/>\n&#8211; inkl. Nachsp\u00fclpumpe<br \/>\n&#8211; F\u00fcr 3 Euronormkisten 400 x 600 mm pro Waschgang<\/p>\n<p>Technische Daten:<br \/>\nWaschvolumen: H 645 x B 1290 x T 735 mm<br \/>\nWaschtank Inhalt: 128 Liter<br \/>\nWasserverbrauch: 12 Liter pro Waschgang<br \/>\nWaschpumpe\/Leistung: 600+950<br \/>\nWaschtemperatur: ca. 55\u00b0C<br \/>\nWaschdruck: 0,8 &#8211; 1,3 bar<br \/>\nAbsicherung: 32 A<br \/>\nAnschlusswert: 16,5 kW<br \/>\nSpannung: 3N-50Hz-400V+PE<br \/>\nWasseranschluss: 1\/2&#8243; x 1.600 mm<br \/>\nDurchmesser Abfluss: 40 mm<br \/>\nWasseranschlussdruck: min. 1,5 \u2013 max. 6 dyn bar<br \/>\nHeizk\u00f6rper: 1&#215;4,5 kW + 2&#215;6 kW<\/p>\n","protected":false},"excerpt":{"rendered":"<p>&#8211; Hygienische Maschinenausf\u00fchrung\/Design &#8211; Selbstreinigendes System &#8211; Energiereduzierung bis zu 25% &#8211; Umweltfreundliches Sparprogramm &#8211; Bedienerfreundliche Steuerung &#8211; Auto-Aus-Funktion &#8211; Integrierte Mischbatterie &#8211; Doppelwandige isolierte Haube &#8211; Wasch- und Sp\u00fcltank isoliert &#8211; Wassersparende Nachsp\u00fcld\u00fcsen &#8211; inkl. vollautomatische, leitwertgesteuerte Seifendosierung &#8211; inkl. Nachsp\u00fclpumpe &#8211; F\u00fcr 3 Euronormkisten 400 x 600 mm pro Waschgang Technische Daten: Waschvolumen: &#8230; <a title=\"Jeros Sp\u00fclmaschine 9130\" class=\"read-more\" href=\"https:\/\/www.strasser.co.at\/de\/produkt\/jeros-spuelmaschine-9130-2\/\" aria-label=\"Mehr dazu unter Jeros Sp\u00fclmaschine 9130\">Weiterlesen<\/a><\/p>\n","protected":false},"featured_media":0,"comment_status":"closed","ping_status":"closed","template":"","meta":{"_acf_changed":false,"_crsspst_to_strasser-maschinench":true,"inline_featured_image":false},"product_cat":[346],"product_tag":[],"class_list":{"0":"post-30936","1":"product","2":"type-product","3":"status-publish","5":"product_cat-spuelmaschine","7":"first","8":"instock","9":"taxable","10":"shipping-taxable","11":"product-type-simple"},"acf":[],"_links":{"self":[{"href":"https:\/\/www.strasser.co.at\/de\/wp-json\/wp\/v2\/product\/30936","targetHints":{"allow":["GET"]}}],"collection":[{"href":"https:\/\/www.strasser.co.at\/de\/wp-json\/wp\/v2\/product"}],"about":[{"href":"https:\/\/www.strasser.co.at\/de\/wp-json\/wp\/v2\/types\/product"}],"replies":[{"embeddable":true,"href":"https:\/\/www.strasser.co.at\/de\/wp-json\/wp\/v2\/comments?post=30936"}],"wp:attachment":[{"href":"https:\/\/www.strasser.co.at\/de\/wp-json\/wp\/v2\/media?parent=30936"}],"wp:term":[{"taxonomy":"product_cat","embeddable":true,"href":"https:\/\/www.strasser.co.at\/de\/wp-json\/wp\/v2\/product_cat?post=30936"},{"taxonomy":"product_tag","embeddable":true,"href":"https:\/\/www.strasser.co.at\/de\/wp-json\/wp\/v2\/product_tag?post=30936"}],"curies":[{"name":"wp","href":"https:\/\/api.w.org\/{rel}","templated":true}]}}