{"id":30940,"date":"2026-03-27T07:04:03","date_gmt":"2026-03-27T06:04:03","guid":{"rendered":"https:\/\/www.strasser.co.at\/?post_type=product&#038;p=30940"},"modified":"2026-03-27T08:26:14","modified_gmt":"2026-03-27T07:26:14","slug":"gaser-panieranlage-practic-240","status":"publish","type":"product","link":"https:\/\/www.strasser.co.at\/de\/produkt\/gaser-panieranlage-practic-240\/","title":{"rendered":"Gaser Panieranlage Practic-240"},"content":{"rendered":"<p>&#8211; Na\u00df-Trockenpanieranlage<br \/>\n&#8211; Na\u00dfpanadebeh\u00e4lter 15 L, inkl. Wasserfall &#8211; Pumpe<br \/>\n&#8211; Trockenpanadebeh\u00e4lter f\u00fcr rd. 30 kg<br \/>\n&#8211; integrierte Abblasvorrichtung f\u00fcr Na\u00df- und Trockenpanade<br \/>\n&#8211; inkl. Andr\u00fcckrolle<br \/>\n&#8211; Nutzbreite: 240 mm<br \/>\n&#8211; Variable Geschwindigkeit: 9 &#8211; 15 m\/Minute<br \/>\n&#8211; Produktion: 3.000 &#8211; 4.000 St\u00fcck\/Stunde<br \/>\n&#8211; Motorleistung: 370 Watt<br \/>\n&#8211; Elektrischer Betrieb (einphasig 220 Volt)<br \/>\n&#8211; Flacher Auslauf in 960 mm H\u00f6he<br \/>\n&#8211; fahrbare Ausf\u00fchrung<br \/>\n&#8211; vollst\u00e4ndig zerlegbar f\u00fcr leichte Reinigung.<br \/>\n&#8211; Entleerung der Trockenpanade \u00fcber Auslaufklappe<br \/>\n&#8211; Gewicht der Maschine: 150 kg<br \/>\n&#8211; Ma\u00dfe der montierten Maschine:<br \/>\n1.990 x 680 x 1.640 mm<\/p>\n","protected":false},"excerpt":{"rendered":"<p>&#8211; Na\u00df-Trockenpanieranlage &#8211; Na\u00dfpanadebeh\u00e4lter 15 L, inkl. Wasserfall &#8211; Pumpe &#8211; Trockenpanadebeh\u00e4lter f\u00fcr rd. 30 kg &#8211; integrierte Abblasvorrichtung f\u00fcr Na\u00df- und Trockenpanade &#8211; inkl. Andr\u00fcckrolle &#8211; Nutzbreite: 240 mm &#8211; Variable Geschwindigkeit: 9 &#8211; 15 m\/Minute &#8211; Produktion: 3.000 &#8211; 4.000 St\u00fcck\/Stunde &#8211; Motorleistung: 370 Watt &#8211; Elektrischer Betrieb (einphasig 220 Volt) &#8211; Flacher &#8230; <a title=\"Gaser Panieranlage Practic-240\" class=\"read-more\" href=\"https:\/\/www.strasser.co.at\/de\/produkt\/gaser-panieranlage-practic-240\/\" aria-label=\"Mehr dazu unter Gaser Panieranlage Practic-240\">Weiterlesen<\/a><\/p>\n","protected":false},"featured_media":30941,"comment_status":"closed","ping_status":"closed","template":"","meta":{"_acf_changed":false,"_crsspst_to_strasser-maschinench":true,"inline_featured_image":false},"product_cat":[212],"product_tag":[],"class_list":{"0":"post-30940","1":"product","2":"type-product","3":"status-publish","4":"has-post-thumbnail","6":"product_cat-panieranlagen","8":"first","9":"instock","10":"taxable","11":"shipping-taxable","12":"product-type-simple"},"acf":[],"_links":{"self":[{"href":"https:\/\/www.strasser.co.at\/de\/wp-json\/wp\/v2\/product\/30940","targetHints":{"allow":["GET"]}}],"collection":[{"href":"https:\/\/www.strasser.co.at\/de\/wp-json\/wp\/v2\/product"}],"about":[{"href":"https:\/\/www.strasser.co.at\/de\/wp-json\/wp\/v2\/types\/product"}],"replies":[{"embeddable":true,"href":"https:\/\/www.strasser.co.at\/de\/wp-json\/wp\/v2\/comments?post=30940"}],"wp:featuredmedia":[{"embeddable":true,"href":"https:\/\/www.strasser.co.at\/de\/wp-json\/wp\/v2\/media\/30941"}],"wp:attachment":[{"href":"https:\/\/www.strasser.co.at\/de\/wp-json\/wp\/v2\/media?parent=30940"}],"wp:term":[{"taxonomy":"product_cat","embeddable":true,"href":"https:\/\/www.strasser.co.at\/de\/wp-json\/wp\/v2\/product_cat?post=30940"},{"taxonomy":"product_tag","embeddable":true,"href":"https:\/\/www.strasser.co.at\/de\/wp-json\/wp\/v2\/product_tag?post=30940"}],"curies":[{"name":"wp","href":"https:\/\/api.w.org\/{rel}","templated":true}]}}