{"id":30981,"date":"2026-04-02T15:10:31","date_gmt":"2026-04-02T13:10:31","guid":{"rendered":"https:\/\/www.strasser.co.at\/?post_type=product&#038;p=30981"},"modified":"2026-04-02T15:25:32","modified_gmt":"2026-04-02T13:25:32","slug":"kilia-kutter-65l","status":"publish","type":"product","link":"https:\/\/www.strasser.co.at\/de\/produkt\/kilia-kutter-65l\/","title":{"rendered":"Kilia Kutter 65L"},"content":{"rendered":"<p>Aussenfront aus Edelstahl rostfrei<br \/>\nSch\u00fcssel aus Edelstahl<br \/>\nMischgang<br \/>\nL\u00e4rmschutzdeckel<br \/>\n6 Kuttermesser, gebraucht mit Zubeh\u00f6r<\/p>\n","protected":false},"excerpt":{"rendered":"<p>Aussenfront aus Edelstahl rostfrei Sch\u00fcssel aus Edelstahl Mischgang L\u00e4rmschutzdeckel 6 Kuttermesser, gebraucht mit Zubeh\u00f6r<\/p>\n","protected":false},"featured_media":0,"comment_status":"closed","ping_status":"closed","template":"","meta":{"_acf_changed":false,"_crsspst_to_strasser-maschinench":true,"inline_featured_image":false},"product_cat":[98],"product_tag":[],"class_list":{"0":"post-30981","1":"product","2":"type-product","3":"status-publish","5":"product_cat-kutter","7":"first","8":"instock","9":"taxable","10":"shipping-taxable","11":"product-type-simple"},"acf":[],"_links":{"self":[{"href":"https:\/\/www.strasser.co.at\/de\/wp-json\/wp\/v2\/product\/30981","targetHints":{"allow":["GET"]}}],"collection":[{"href":"https:\/\/www.strasser.co.at\/de\/wp-json\/wp\/v2\/product"}],"about":[{"href":"https:\/\/www.strasser.co.at\/de\/wp-json\/wp\/v2\/types\/product"}],"replies":[{"embeddable":true,"href":"https:\/\/www.strasser.co.at\/de\/wp-json\/wp\/v2\/comments?post=30981"}],"wp:attachment":[{"href":"https:\/\/www.strasser.co.at\/de\/wp-json\/wp\/v2\/media?parent=30981"}],"wp:term":[{"taxonomy":"product_cat","embeddable":true,"href":"https:\/\/www.strasser.co.at\/de\/wp-json\/wp\/v2\/product_cat?post=30981"},{"taxonomy":"product_tag","embeddable":true,"href":"https:\/\/www.strasser.co.at\/de\/wp-json\/wp\/v2\/product_tag?post=30981"}],"curies":[{"name":"wp","href":"https:\/\/api.w.org\/{rel}","templated":true}]}}