{"id":31027,"date":"2026-04-15T07:13:00","date_gmt":"2026-04-15T05:13:00","guid":{"rendered":"https:\/\/www.strasser.co.at\/?post_type=product&#038;p=31027"},"modified":"2026-04-15T07:13:01","modified_gmt":"2026-04-15T05:13:01","slug":"seydelmann-kutter-type-k75-ac-8","status":"publish","type":"product","link":"https:\/\/www.strasser.co.at\/de\/produkt\/seydelmann-kutter-type-k75-ac-8\/","title":{"rendered":"Seydelmann Kutter Type K75 AC-8"},"content":{"rendered":"<p>massiv aus Edelstahl rostfrei<br \/>\n75 L Sch\u00fcssel massiv aus Edelstahl rostfrei<br \/>\n6 stufenlos regelbare Messergeschwindigkeiten<br \/>\nMischg\u00e4nge vor- und r\u00fcckw\u00e4rts<br \/>\n2 Sch\u00fcsselgeschwindigkeiten<br \/>\nMicro 13 digitale Anzeige f\u00fcr Temperatur,<br \/>\nLaufzeit und Geschwindigkeit<br \/>\nin separatem Edelstahlgeh\u00e4use<br \/>\nL\u00e4rmschutzdeckel<br \/>\nca. 50 kW, 400V, 50Hz<br \/>\nEdelstahl-Schaltschrank separat<br \/>\nElektroproduktauswerfer<br \/>\nMessersystem S24 komplett<br \/>\nbestehend aus:<br \/>\n6 Stk. Kuttermesser S24 Typ K<br \/>\nmit Profilh\u00fclse<br \/>\nAnfangsring, Zwischenringen,<br \/>\nSchlussring und Blindscheiben<\/p>\n","protected":false},"excerpt":{"rendered":"<p>massiv aus Edelstahl rostfrei 75 L Sch\u00fcssel massiv aus Edelstahl rostfrei 6 stufenlos regelbare Messergeschwindigkeiten Mischg\u00e4nge vor- und r\u00fcckw\u00e4rts 2 Sch\u00fcsselgeschwindigkeiten Micro 13 digitale Anzeige f\u00fcr Temperatur, Laufzeit und Geschwindigkeit in separatem Edelstahlgeh\u00e4use L\u00e4rmschutzdeckel ca. 50 kW, 400V, 50Hz Edelstahl-Schaltschrank separat Elektroproduktauswerfer Messersystem S24 komplett bestehend aus: 6 Stk. Kuttermesser S24 Typ K mit Profilh\u00fclse &#8230; <a title=\"Seydelmann Kutter Type K75 AC-8\" class=\"read-more\" href=\"https:\/\/www.strasser.co.at\/de\/produkt\/seydelmann-kutter-type-k75-ac-8\/\" aria-label=\"Mehr dazu unter Seydelmann Kutter Type K75 AC-8\">Weiterlesen<\/a><\/p>\n","protected":false},"featured_media":0,"comment_status":"closed","ping_status":"closed","template":"","meta":{"_acf_changed":false,"_crsspst_to_strasser-maschinench":true,"inline_featured_image":false},"product_cat":[98],"product_tag":[],"class_list":{"0":"post-31027","1":"product","2":"type-product","3":"status-publish","5":"product_cat-kutter","7":"first","8":"instock","9":"taxable","10":"shipping-taxable","11":"product-type-simple"},"acf":[],"_links":{"self":[{"href":"https:\/\/www.strasser.co.at\/de\/wp-json\/wp\/v2\/product\/31027","targetHints":{"allow":["GET"]}}],"collection":[{"href":"https:\/\/www.strasser.co.at\/de\/wp-json\/wp\/v2\/product"}],"about":[{"href":"https:\/\/www.strasser.co.at\/de\/wp-json\/wp\/v2\/types\/product"}],"replies":[{"embeddable":true,"href":"https:\/\/www.strasser.co.at\/de\/wp-json\/wp\/v2\/comments?post=31027"}],"wp:attachment":[{"href":"https:\/\/www.strasser.co.at\/de\/wp-json\/wp\/v2\/media?parent=31027"}],"wp:term":[{"taxonomy":"product_cat","embeddable":true,"href":"https:\/\/www.strasser.co.at\/de\/wp-json\/wp\/v2\/product_cat?post=31027"},{"taxonomy":"product_tag","embeddable":true,"href":"https:\/\/www.strasser.co.at\/de\/wp-json\/wp\/v2\/product_tag?post=31027"}],"curies":[{"name":"wp","href":"https:\/\/api.w.org\/{rel}","templated":true}]}}