{"id":31029,"date":"2026-04-15T07:30:05","date_gmt":"2026-04-15T05:30:05","guid":{"rendered":"https:\/\/www.strasser.co.at\/?post_type=product&#038;p=31029"},"modified":"2026-04-15T07:30:06","modified_gmt":"2026-04-15T05:30:06","slug":"henkovac-vakuummaschine-m2","status":"publish","type":"product","link":"https:\/\/www.strasser.co.at\/de\/produkt\/henkovac-vakuummaschine-m2\/","title":{"rendered":"Henkovac Vakuummaschine M2"},"content":{"rendered":"<p>weitgehend massiv aus Edelstahl rostfrei<br \/>\nmit R\u00fcckbegasung<br \/>\nKammerabmessungen: 500 x 520 x 220 mm<br \/>\nMaschinenabmessungen: 730 x 715 x 1020 mm<br \/>\n2 Schwei\u00dfl\u00e4ngen: \u00e1 520 mm<br \/>\nDoppel- oder Trennschwei\u00dfung<br \/>\n10 Programme<br \/>\nVakuumsensor<br \/>\nstarke Busch Vakuumpumpe 40m\u00b3<br \/>\n400 V \/ 3 Ph \/ 50 Hz<br \/>\nLeistung: 3 kW<\/p>\n","protected":false},"excerpt":{"rendered":"<p>weitgehend massiv aus Edelstahl rostfrei mit R\u00fcckbegasung Kammerabmessungen: 500 x 520 x 220 mm Maschinenabmessungen: 730 x 715 x 1020 mm 2 Schwei\u00dfl\u00e4ngen: \u00e1 520 mm Doppel- oder Trennschwei\u00dfung 10 Programme Vakuumsensor starke Busch Vakuumpumpe 40m\u00b3 400 V \/ 3 Ph \/ 50 Hz Leistung: 3 kW<\/p>\n","protected":false},"featured_media":31030,"comment_status":"closed","ping_status":"closed","template":"","meta":{"_acf_changed":false,"_crsspst_to_strasser-maschinench":true,"inline_featured_image":false},"product_cat":[230],"product_tag":[],"class_list":{"0":"post-31029","1":"product","2":"type-product","3":"status-publish","4":"has-post-thumbnail","6":"product_cat-vakuummaschinen-2","8":"first","9":"instock","10":"taxable","11":"shipping-taxable","12":"product-type-simple"},"acf":[],"_links":{"self":[{"href":"https:\/\/www.strasser.co.at\/de\/wp-json\/wp\/v2\/product\/31029","targetHints":{"allow":["GET"]}}],"collection":[{"href":"https:\/\/www.strasser.co.at\/de\/wp-json\/wp\/v2\/product"}],"about":[{"href":"https:\/\/www.strasser.co.at\/de\/wp-json\/wp\/v2\/types\/product"}],"replies":[{"embeddable":true,"href":"https:\/\/www.strasser.co.at\/de\/wp-json\/wp\/v2\/comments?post=31029"}],"wp:featuredmedia":[{"embeddable":true,"href":"https:\/\/www.strasser.co.at\/de\/wp-json\/wp\/v2\/media\/31030"}],"wp:attachment":[{"href":"https:\/\/www.strasser.co.at\/de\/wp-json\/wp\/v2\/media?parent=31029"}],"wp:term":[{"taxonomy":"product_cat","embeddable":true,"href":"https:\/\/www.strasser.co.at\/de\/wp-json\/wp\/v2\/product_cat?post=31029"},{"taxonomy":"product_tag","embeddable":true,"href":"https:\/\/www.strasser.co.at\/de\/wp-json\/wp\/v2\/product_tag?post=31029"}],"curies":[{"name":"wp","href":"https:\/\/api.w.org\/{rel}","templated":true}]}}