{"id":31048,"date":"2026-04-17T11:19:29","date_gmt":"2026-04-17T09:19:29","guid":{"rendered":"https:\/\/www.strasser.co.at\/?post_type=product&#038;p=31048"},"modified":"2026-04-17T11:26:20","modified_gmt":"2026-04-17T09:26:20","slug":"mainca-kutter-cm-41s","status":"publish","type":"product","link":"https:\/\/www.strasser.co.at\/de\/produkt\/mainca-kutter-cm-41s\/","title":{"rendered":"Mainca Kutter CM-41S"},"content":{"rendered":"<p>Aussenfront weitgehend komplett aus Edelstahl rostfrei<br \/>\n40 L Sch\u00fcssel aus Edelstahl<br \/>\nF\u00fcllmenge: ca. 25 kg<br \/>\nstufenlos regelbare Messergeschwindigkeiten<br \/>\n2 Sch\u00fcsselgeschwindigkeiten<br \/>\n2 Vorw\u00e4rts- und 2 R\u00fcckw\u00e4rtsmischg\u00e4nge<br \/>\nDigitales Thermometer<br \/>\nReinigungsfunktion f\u00fcr die Sch\u00fcssel<br \/>\nMotorbremse bei Not Stop<br \/>\nThermoschutz f\u00fcr die Motoren<br \/>\nL\u00e4rmschutzdeckel<br \/>\nLeistung 9,20 kW, 400V, 50 Hz<br \/>\ninkl. Messerkopf mit<br \/>\n6 Stk. Messer mit Zubeh\u00f6r<\/p>\n","protected":false},"excerpt":{"rendered":"<p>Aussenfront weitgehend komplett aus Edelstahl rostfrei 40 L Sch\u00fcssel aus Edelstahl F\u00fcllmenge: ca. 25 kg stufenlos regelbare Messergeschwindigkeiten 2 Sch\u00fcsselgeschwindigkeiten 2 Vorw\u00e4rts- und 2 R\u00fcckw\u00e4rtsmischg\u00e4nge Digitales Thermometer Reinigungsfunktion f\u00fcr die Sch\u00fcssel Motorbremse bei Not Stop Thermoschutz f\u00fcr die Motoren L\u00e4rmschutzdeckel Leistung 9,20 kW, 400V, 50 Hz inkl. Messerkopf mit 6 Stk. Messer mit Zubeh\u00f6r<\/p>\n","protected":false},"featured_media":31049,"comment_status":"closed","ping_status":"closed","template":"","meta":{"_acf_changed":false,"_crsspst_to_strasser-maschinench":true,"inline_featured_image":false},"product_cat":[98],"product_tag":[],"class_list":{"0":"post-31048","1":"product","2":"type-product","3":"status-publish","4":"has-post-thumbnail","6":"product_cat-kutter","8":"first","9":"instock","10":"taxable","11":"shipping-taxable","12":"product-type-simple"},"acf":[],"_links":{"self":[{"href":"https:\/\/www.strasser.co.at\/de\/wp-json\/wp\/v2\/product\/31048","targetHints":{"allow":["GET"]}}],"collection":[{"href":"https:\/\/www.strasser.co.at\/de\/wp-json\/wp\/v2\/product"}],"about":[{"href":"https:\/\/www.strasser.co.at\/de\/wp-json\/wp\/v2\/types\/product"}],"replies":[{"embeddable":true,"href":"https:\/\/www.strasser.co.at\/de\/wp-json\/wp\/v2\/comments?post=31048"}],"wp:featuredmedia":[{"embeddable":true,"href":"https:\/\/www.strasser.co.at\/de\/wp-json\/wp\/v2\/media\/31049"}],"wp:attachment":[{"href":"https:\/\/www.strasser.co.at\/de\/wp-json\/wp\/v2\/media?parent=31048"}],"wp:term":[{"taxonomy":"product_cat","embeddable":true,"href":"https:\/\/www.strasser.co.at\/de\/wp-json\/wp\/v2\/product_cat?post=31048"},{"taxonomy":"product_tag","embeddable":true,"href":"https:\/\/www.strasser.co.at\/de\/wp-json\/wp\/v2\/product_tag?post=31048"}],"curies":[{"name":"wp","href":"https:\/\/api.w.org\/{rel}","templated":true}]}}