{"id":31069,"date":"2026-04-20T07:33:52","date_gmt":"2026-04-20T05:33:52","guid":{"rendered":"https:\/\/www.strasser.co.at\/?post_type=product&#038;p=31069"},"modified":"2026-04-20T07:33:53","modified_gmt":"2026-04-20T05:33:53","slug":"maja-eiserzeuger-sah-170","status":"publish","type":"product","link":"https:\/\/www.strasser.co.at\/de\/produkt\/maja-eiserzeuger-sah-170\/","title":{"rendered":"Maja Eiserzeuger SAH 170"},"content":{"rendered":"<p>ECOPRO R290<br \/>\n&#8211; Eisleistung 170 kg \/ 24 h<br \/>\n&#8211; Kompakte, steckerfertige Scherbeneismaschine<br \/>\n&#8211; mit fahrbarem Eisvorratsbeh\u00e4lter EV 50<br \/>\nzur Bevorratung und dem Transport<br \/>\nvon ca. 50 kg Eis<br \/>\n&#8211; Rahmen und Geh\u00e4use aus Edelstahl<br \/>\n&#8211; mit integriertem K\u00e4lteaggregat<br \/>\n&#8211; K\u00e4ltemittel R290 Propane (GWP 3)<br \/>\n&#8211; Externe UV-Entkeimung im Wasserzulauf<br \/>\n&#8211; Ozon-Entkeimung im Wasserzulauf<br \/>\n&#8211; el. Anschluss: 0,78kW<br \/>\n&#8211; Ma\u00dfe: B 705mm x T 700mm x H 1380mm<br \/>\n&#8211; Gewicht: 167kg<br \/>\ninkl. Selbstreinigungssystem MAJA-SCS<\/p>\n","protected":false},"excerpt":{"rendered":"<p>ECOPRO R290 &#8211; Eisleistung 170 kg \/ 24 h &#8211; Kompakte, steckerfertige Scherbeneismaschine &#8211; mit fahrbarem Eisvorratsbeh\u00e4lter EV 50 zur Bevorratung und dem Transport von ca. 50 kg Eis &#8211; Rahmen und Geh\u00e4use aus Edelstahl &#8211; mit integriertem K\u00e4lteaggregat &#8211; K\u00e4ltemittel R290 Propane (GWP 3) &#8211; Externe UV-Entkeimung im Wasserzulauf &#8211; Ozon-Entkeimung im Wasserzulauf &#8211; &#8230; <a title=\"Maja Eiserzeuger SAH 170\" class=\"read-more\" href=\"https:\/\/www.strasser.co.at\/de\/produkt\/maja-eiserzeuger-sah-170\/\" aria-label=\"Mehr dazu unter Maja Eiserzeuger SAH 170\">Weiterlesen<\/a><\/p>\n","protected":false},"featured_media":0,"comment_status":"closed","ping_status":"closed","template":"","meta":{"_acf_changed":false,"_crsspst_to_strasser-maschinench":true,"inline_featured_image":false},"product_cat":[200],"product_tag":[],"class_list":{"0":"post-31069","1":"product","2":"type-product","3":"status-publish","5":"product_cat-eiserzeuger","7":"first","8":"instock","9":"taxable","10":"shipping-taxable","11":"product-type-simple"},"acf":[],"_links":{"self":[{"href":"https:\/\/www.strasser.co.at\/de\/wp-json\/wp\/v2\/product\/31069","targetHints":{"allow":["GET"]}}],"collection":[{"href":"https:\/\/www.strasser.co.at\/de\/wp-json\/wp\/v2\/product"}],"about":[{"href":"https:\/\/www.strasser.co.at\/de\/wp-json\/wp\/v2\/types\/product"}],"replies":[{"embeddable":true,"href":"https:\/\/www.strasser.co.at\/de\/wp-json\/wp\/v2\/comments?post=31069"}],"wp:attachment":[{"href":"https:\/\/www.strasser.co.at\/de\/wp-json\/wp\/v2\/media?parent=31069"}],"wp:term":[{"taxonomy":"product_cat","embeddable":true,"href":"https:\/\/www.strasser.co.at\/de\/wp-json\/wp\/v2\/product_cat?post=31069"},{"taxonomy":"product_tag","embeddable":true,"href":"https:\/\/www.strasser.co.at\/de\/wp-json\/wp\/v2\/product_tag?post=31069"}],"curies":[{"name":"wp","href":"https:\/\/api.w.org\/{rel}","templated":true}]}}