{"id":4490,"date":"2021-05-23T14:30:27","date_gmt":"2021-05-23T12:30:27","guid":{"rendered":"https:\/\/2c342aae-e94b-481e-aca9-de530b3b6ed6.h3.conves.io\/?post_type=product&#038;p=4490"},"modified":"2025-10-22T07:48:54","modified_gmt":"2025-10-22T05:48:54","slug":"magurit-gefrierschneider","status":"publish","type":"product","link":"https:\/\/www.strasser.co.at\/de\/produkt\/magurit-gefrierschneider\/","title":{"rendered":"Magurit"},"content":{"rendered":"<h2>Gefrierblockschneider &#8211; und vieles mehr<\/h2>\n<p>Mit Spezialmaschinen zur Zerkleinerung tiefgefrorener Bl\u00f6cke im Lebensmittel- und Tiernahrungsbereich geh\u00f6rt MAGURIT zu den Marktf\u00fchrern.<br \/>\nMit dem Frischschneidesystem &#8220;Galan&#8221; setzt MAGURIT neue Ma\u00dfst\u00e4be in der Schneidetechnik. Individuelle L\u00f6sungen in der Hebe- und F\u00f6rdertechnik runden das Maschinenprogramm des deutschen Fabrikanten ab.<\/p>\n<h2>MAGURIT Fromat und Starcutter<\/h2>\n<p>Die robuste, beinahe unzerst\u00f6rbare bauweise der MAGURIT Maschinen ist ein Grund f\u00fcr den weltweiten Erfolg. Die MAGURIT Guillotinen Fromat 042, 053 und 063 zeichnen sich durch den kantengenauen, sauberen Schnitt aus. Gefrierbl\u00f6cke werden mit minimalem Energieaufwand in Scheiben oder St\u00fccke zerkleinert.<br \/>\nDie leistungsstarken MAGURIT Flaker Starcutter 314 bis 378 verarbeiten Gefrierbl\u00f6cke bis zu -30\u00b0C! Mit einer Durchsatzleistung von bis zu 11 t\/h sind die Starcutter ideal f\u00fcr den harten industriellen Dauereinsatz geeignet.<\/p>\n<h2>Galan Frischschneidesystem<\/h2>\n<p>Dank des innovativen Galan Systems hat MAGURIT ein kontinuierliches Pr\u00e4zisions &#8211; Schneidesystem, ohne auf das Produkt hohe mechanische Belastungen auszu\u00fcben. Aufgrund der Messergeometrie erzielt man einen sauberen, ziehenden Schnitt, wie von Hand! Die Galan Linie eignet sich optimal f\u00fcr frische, getumbelte, gefrostete und gekochte Ware.<\/p>\n<h2>Vom Fruchtsaft bis zur Schokolade<\/h2>\n<p>Neben den allgemein bekannten Maschinen f\u00fcr die Fleischindustrie, bietet MAGURIT auch spezielle DRUMCUT-Anlagen f\u00fcr Fruchtsafthersteller, Zerkleinerungsmaschinen f\u00fcr die S\u00fc\u00dfwarenindustrie sowie Spezialmaschinen f\u00fcr die pharmazeutische Industrie (Plasmacut).<\/p>\n<p>F\u00fcr Ihr individuelles Angebot nehmen Sie gerne direkt mit uns <a href=\"https:\/\/2c342aae-e94b-481e-aca9-de530b3b6ed6.h3.conves.io\/de\/kontakt\" target=\"_blank\" rel=\"noopener\">Kontakt <\/a>auf.<\/p>\n<p><a href=\"https:\/\/www.magurit.de\/DE\/index.html\" target=\"_blank\" rel=\"noopener\">Link<\/a> zum Lieferanten.<\/p>\n","protected":false},"excerpt":{"rendered":"<p>Gefrierblockschneider, Frischfleischschneider<\/p>\n","protected":false},"featured_media":29819,"comment_status":"open","ping_status":"closed","template":"","meta":{"_acf_changed":false,"_crsspst_to_strasser-maschinench":false,"inline_featured_image":false},"product_cat":[62],"product_tag":[],"class_list":{"0":"post-4490","1":"product","2":"type-product","3":"status-publish","4":"has-post-thumbnail","6":"product_cat-neumaschinen","8":"first","9":"instock","10":"taxable","11":"shipping-taxable","12":"purchasable","13":"product-type-simple"},"acf":[],"_links":{"self":[{"href":"https:\/\/www.strasser.co.at\/de\/wp-json\/wp\/v2\/product\/4490","targetHints":{"allow":["GET"]}}],"collection":[{"href":"https:\/\/www.strasser.co.at\/de\/wp-json\/wp\/v2\/product"}],"about":[{"href":"https:\/\/www.strasser.co.at\/de\/wp-json\/wp\/v2\/types\/product"}],"replies":[{"embeddable":true,"href":"https:\/\/www.strasser.co.at\/de\/wp-json\/wp\/v2\/comments?post=4490"}],"wp:featuredmedia":[{"embeddable":true,"href":"https:\/\/www.strasser.co.at\/de\/wp-json\/wp\/v2\/media\/29819"}],"wp:attachment":[{"href":"https:\/\/www.strasser.co.at\/de\/wp-json\/wp\/v2\/media?parent=4490"}],"wp:term":[{"taxonomy":"product_cat","embeddable":true,"href":"https:\/\/www.strasser.co.at\/de\/wp-json\/wp\/v2\/product_cat?post=4490"},{"taxonomy":"product_tag","embeddable":true,"href":"https:\/\/www.strasser.co.at\/de\/wp-json\/wp\/v2\/product_tag?post=4490"}],"curies":[{"name":"wp","href":"https:\/\/api.w.org\/{rel}","templated":true}]}}