{"id":7310,"date":"2021-06-30T17:34:00","date_gmt":"2021-06-30T15:34:00","guid":{"rendered":"https:\/\/2c342aae-e94b-481e-aca9-de530b3b6ed6.h3.conves.io\/?post_type=product&#038;p=7310"},"modified":"2021-10-18T15:49:11","modified_gmt":"2021-10-18T13:49:11","slug":"bastra","status":"publish","type":"product","link":"https:\/\/www.strasser.co.at\/de\/produkt\/bastra\/","title":{"rendered":"Bastra"},"content":{"rendered":"<p>Die Bastra GmbH ist seit fast 60 Jahren einer der f\u00fchrenden Hersteller von Kochkesseln und R\u00e4ucheranlagen. Mehr als 60.000 BASTRA-Anlagen in 80 L\u00e4ndern rund um den Globus dienen zur Veredelung von Fleisch, Fisch und Gefl\u00fcgel.<\/p>\n<h2>BASTRA Universalanlagen<\/h2>\n<p>F\u00fcr die besonderen Produktionsbedingungen im Fleischerhandwerk bietet BASTRA ein breites Angebot individuell konfigurierbarer Universal Koch- und Rauchanlagen mit unterschiedlichen Kapazit\u00e4ten.<br \/>\nDie auf die jeweilige Anlagengr\u00f6\u00dfe abgestimmten Raucherzeuger k\u00f6nnen entweder extern stehen, oder in die T\u00fcr integriert werden.<\/p>\n<h2>Kochkessel<\/h2>\n<p>Die bew\u00e4hrten Bastra Kochkessel zeichnen sich durch hochwertige Verarbeitung und einfache Bedienbarkeit aus. Optimale Isolierung und hochwertige Heizst\u00e4be sorgen f\u00fcr einen hervorragenden Wirkungsgrad. Die Kochkessel k\u00f6nnen elektro-, gas- oder \u00f6lbeheizt ausgef\u00fchrt werden.<\/p>\n<p>F\u00fcr Ihr individuelles Angebot nehmen Sie gerne direkt mit uns <a href=\"https:\/\/2c342aae-e94b-481e-aca9-de530b3b6ed6.h3.conves.io\/de\/kontakt\" target=\"_blank\" rel=\"noopener\">Kontakt <\/a>auf.<\/p>\n<p><a href=\"https:\/\/www.bastra.de\/de\/\" target=\"_blank\" rel=\"noopener\">Link<\/a> zum Lieferanten.<\/p>\n","protected":false},"excerpt":{"rendered":"<p>Rauch- und Kochanlagen, Kochkessel<\/p>\n","protected":false},"featured_media":13828,"comment_status":"open","ping_status":"closed","template":"","meta":{"_acf_changed":false,"_crsspst_to_strasser-maschinench":false,"inline_featured_image":false},"product_cat":[62],"product_tag":[],"class_list":{"0":"post-7310","1":"product","2":"type-product","3":"status-publish","4":"has-post-thumbnail","6":"product_cat-neumaschinen","8":"first","9":"instock","10":"taxable","11":"shipping-taxable","12":"purchasable","13":"product-type-simple"},"acf":[],"_links":{"self":[{"href":"https:\/\/www.strasser.co.at\/de\/wp-json\/wp\/v2\/product\/7310","targetHints":{"allow":["GET"]}}],"collection":[{"href":"https:\/\/www.strasser.co.at\/de\/wp-json\/wp\/v2\/product"}],"about":[{"href":"https:\/\/www.strasser.co.at\/de\/wp-json\/wp\/v2\/types\/product"}],"replies":[{"embeddable":true,"href":"https:\/\/www.strasser.co.at\/de\/wp-json\/wp\/v2\/comments?post=7310"}],"wp:featuredmedia":[{"embeddable":true,"href":"https:\/\/www.strasser.co.at\/de\/wp-json\/wp\/v2\/media\/13828"}],"wp:attachment":[{"href":"https:\/\/www.strasser.co.at\/de\/wp-json\/wp\/v2\/media?parent=7310"}],"wp:term":[{"taxonomy":"product_cat","embeddable":true,"href":"https:\/\/www.strasser.co.at\/de\/wp-json\/wp\/v2\/product_cat?post=7310"},{"taxonomy":"product_tag","embeddable":true,"href":"https:\/\/www.strasser.co.at\/de\/wp-json\/wp\/v2\/product_tag?post=7310"}],"curies":[{"name":"wp","href":"https:\/\/api.w.org\/{rel}","templated":true}]}}