{"id":7346,"date":"2021-06-30T17:38:02","date_gmt":"2021-06-30T15:38:02","guid":{"rendered":"https:\/\/2c342aae-e94b-481e-aca9-de530b3b6ed6.h3.conves.io\/?post_type=product&#038;p=7346"},"modified":"2025-10-15T09:37:06","modified_gmt":"2025-10-15T07:37:06","slug":"foodlogistik","status":"publish","type":"product","link":"https:\/\/www.strasser.co.at\/de\/produkt\/foodlogistik\/","title":{"rendered":"Foodlogistik"},"content":{"rendered":"<h2>W\u00fcrfelschneider DicR<\/h2>\n<p>Die kraftvollen Mehrzweckschneider des deutschen Herstellers &#8220;Foodlogistik&#8221; \u00fcberzeugen durch Pr\u00e4zision und enorme Geschwindigkeit.<br \/>\nSie w\u00fcnschen Fleisch, Fisch, Gem\u00fcse oder K\u00e4se in W\u00fcrfel, Streifen oder Scheiben geschnitten? Alles kein Problem! Mit wenigen Handgriffen sind die Gatter gewechselt. Vorschub, Schnittgeschwindigkeit etc. werden \u00fcber die einfache Bedienung eingestellt. Und schon schneiden Sie bis zu 4.000 kg\/h!<\/p>\n<h2>Gem\u00fcseschneider ShreddR<\/h2>\n<p>Der Spezialist f\u00fcr das kontinuierliche Schneiden von Gem\u00fcse und Obst in W\u00fcrfel, Streifen und Scheiben in Handwerksbetrieben oder Gro\u00dfk\u00fcchen.<\/p>\n<h2>Kotelettschneider SlicR<\/h2>\n<p>Die neue Generation der Foodlogistik Kotelettschneider vermisst das eingelegte Produkt millimetergenau. So kann l\u00e4ngenoptimiert geschnitten werden, und es fallen keine teuren Abschnitte an!<\/p>\n<p>F\u00fcr Ihr individuelles Angebot nehmen Sie gerne direkt mit uns <a href=\"https:\/\/2c342aae-e94b-481e-aca9-de530b3b6ed6.h3.conves.io\/de\/kontakt\" target=\"_blank\" rel=\"noopener\">Kontakt <\/a>auf.<\/p>\n<p><a href=\"https:\/\/www.foodlogistik.de\/index.php\/de\/\" target=\"_blank\" rel=\"noopener\">Link<\/a> zum Lieferanten.<\/p>\n<p>&nbsp;<\/p>\n","protected":false},"excerpt":{"rendered":"<p>W\u00fcrfelschneider, Kotelettschneider<\/p>\n","protected":false},"featured_media":13870,"comment_status":"open","ping_status":"closed","template":"","meta":{"_acf_changed":false,"_crsspst_to_strasser-maschinench":false,"inline_featured_image":false},"product_cat":[62],"product_tag":[],"class_list":{"0":"post-7346","1":"product","2":"type-product","3":"status-publish","4":"has-post-thumbnail","6":"product_cat-neumaschinen","8":"first","9":"instock","10":"taxable","11":"shipping-taxable","12":"purchasable","13":"product-type-simple"},"acf":[],"_links":{"self":[{"href":"https:\/\/www.strasser.co.at\/de\/wp-json\/wp\/v2\/product\/7346","targetHints":{"allow":["GET"]}}],"collection":[{"href":"https:\/\/www.strasser.co.at\/de\/wp-json\/wp\/v2\/product"}],"about":[{"href":"https:\/\/www.strasser.co.at\/de\/wp-json\/wp\/v2\/types\/product"}],"replies":[{"embeddable":true,"href":"https:\/\/www.strasser.co.at\/de\/wp-json\/wp\/v2\/comments?post=7346"}],"wp:featuredmedia":[{"embeddable":true,"href":"https:\/\/www.strasser.co.at\/de\/wp-json\/wp\/v2\/media\/13870"}],"wp:attachment":[{"href":"https:\/\/www.strasser.co.at\/de\/wp-json\/wp\/v2\/media?parent=7346"}],"wp:term":[{"taxonomy":"product_cat","embeddable":true,"href":"https:\/\/www.strasser.co.at\/de\/wp-json\/wp\/v2\/product_cat?post=7346"},{"taxonomy":"product_tag","embeddable":true,"href":"https:\/\/www.strasser.co.at\/de\/wp-json\/wp\/v2\/product_tag?post=7346"}],"curies":[{"name":"wp","href":"https:\/\/api.w.org\/{rel}","templated":true}]}}