{"id":7397,"date":"2021-06-30T17:52:46","date_gmt":"2021-06-30T15:52:46","guid":{"rendered":"https:\/\/2c342aae-e94b-481e-aca9-de530b3b6ed6.h3.conves.io\/?post_type=product&#038;p=7397"},"modified":"2025-10-22T12:49:31","modified_gmt":"2025-10-22T10:49:31","slug":"maja","status":"publish","type":"product","link":"https:\/\/www.strasser.co.at\/de\/produkt\/maja\/","title":{"rendered":"Maja"},"content":{"rendered":"<h2>Technik f\u00fcr die Zukunft<\/h2>\n<p>Seit 1955 entwickelt, produziert und vertreibt die MAJA-Maschinenfabrik Entschwartungs-, Entfettungs- und Entvliesmaschinen, Enth\u00e4utungsmaschinen f\u00fcr Fisch und Gefl\u00fcgel, Automatisierungsl\u00f6sungen und Schneidesysteme, sowie Eiserzeuger zur Herstellung und K\u00fchlung von Lebensmitteln.<\/p>\n<p><strong>Die Produktpalette umfasst:<\/strong><br \/>\no Scherbeneiserzeuger<br \/>\no Entvliesmaschinen<br \/>\no Entschwartungsmaschinen<br \/>\no Kebab\/Gyros-Schneidemaschinen<br \/>\no Enth\u00e4utungsmaschinen<br \/>\no Fischenth\u00e4utungsmaschinen<br \/>\no Gefl\u00fcgelenth\u00e4utungsmaschinen<br \/>\no Rundmesser-Schneidemaschinen<br \/>\no Gewichtsgenaue Portioniersysteme<\/p>\n<h2>Mit der A-Skin maximale Flexibilit\u00e4t und Hygiene erzielen<\/h2>\n<p>Die neue Band-Entschwartungsmaschine A-Skin \u00fcberzeugt durch ihr hygienisches Design, ihre einfache Reinigung und ihre vielseitigen Einsatzm\u00f6glichkeiten.<\/p>\n<p>Dank modularer Bauweise, arretierbarer Schwartenst\u00e4rkeneinstellung und werkzeuglosem Messerwechsel erm\u00f6glicht sie schnelle Produktwechsel und konstant hohe Entschwartungsqualit\u00e4t. So profitieren Verarbeiter von maximaler Effizienz, reduzierten Stillstandzeiten und optimalen Ertr\u00e4gen bei unterschiedlichsten Schweineteilst\u00fccken.<\/p>\n<h2>Scherbeneis &#8211; ideal f\u00fcr den Einsatz in der Fleischerei<\/h2>\n<p>Scherbeneis hat im Vergleich zum Brucheis zahlreiche Vorteile:<br \/>\n<strong>Hohe K\u00fchlleistung, Eistemperatur -7\u00b0C<\/strong><br \/>\n&#8211; Schnelle Produktabk\u00fchlung<br \/>\n&#8211; Produkt bleibt l\u00e4nger frisch<br \/>\n&#8211; Schmilzt langsamer als andere Eissorten, dadurch reduzierter Verbrauch<\/p>\n<p><strong>Schont Produkt und Werkzeuge (Kuttermesser)<\/strong><br \/>\n&#8211; D\u00fcnne Eisscherben (1 &#8211; 2 mm)<br \/>\n&#8211; Geringer mechanischer Widerstand<br \/>\n&#8211; Sehr gute Produktabdeckung<br \/>\n&#8211; Gro\u00dfe Oberfl\u00e4che zum W\u00e4rmeaustausch<\/p>\n<p>F\u00fcr Ihr individuelles Angebot nehmen Sie gerne direkt mit uns <a href=\"https:\/\/2c342aae-e94b-481e-aca9-de530b3b6ed6.h3.conves.io\/de\/kontakt\" target=\"_blank\" rel=\"noopener\">Kontakt <\/a>auf.<\/p>\n<p><a href=\"https:\/\/maja.de\/index.php\" target=\"_blank\" rel=\"noopener\">Link<\/a> zum Lieferanten.<\/p>\n","protected":false},"excerpt":{"rendered":"<p>Eiserzeuger, Abschwartmaschinen<\/p>\n","protected":false},"featured_media":13969,"comment_status":"open","ping_status":"closed","template":"","meta":{"_acf_changed":false,"_crsspst_to_strasser-maschinench":false,"inline_featured_image":false},"product_cat":[62],"product_tag":[],"class_list":{"0":"post-7397","1":"product","2":"type-product","3":"status-publish","4":"has-post-thumbnail","6":"product_cat-neumaschinen","8":"first","9":"instock","10":"taxable","11":"shipping-taxable","12":"purchasable","13":"product-type-simple"},"acf":[],"_links":{"self":[{"href":"https:\/\/www.strasser.co.at\/de\/wp-json\/wp\/v2\/product\/7397","targetHints":{"allow":["GET"]}}],"collection":[{"href":"https:\/\/www.strasser.co.at\/de\/wp-json\/wp\/v2\/product"}],"about":[{"href":"https:\/\/www.strasser.co.at\/de\/wp-json\/wp\/v2\/types\/product"}],"replies":[{"embeddable":true,"href":"https:\/\/www.strasser.co.at\/de\/wp-json\/wp\/v2\/comments?post=7397"}],"wp:featuredmedia":[{"embeddable":true,"href":"https:\/\/www.strasser.co.at\/de\/wp-json\/wp\/v2\/media\/13969"}],"wp:attachment":[{"href":"https:\/\/www.strasser.co.at\/de\/wp-json\/wp\/v2\/media?parent=7397"}],"wp:term":[{"taxonomy":"product_cat","embeddable":true,"href":"https:\/\/www.strasser.co.at\/de\/wp-json\/wp\/v2\/product_cat?post=7397"},{"taxonomy":"product_tag","embeddable":true,"href":"https:\/\/www.strasser.co.at\/de\/wp-json\/wp\/v2\/product_tag?post=7397"}],"curies":[{"name":"wp","href":"https:\/\/api.w.org\/{rel}","templated":true}]}}