{"id":9815,"date":"2021-07-26T12:10:13","date_gmt":"2021-07-26T10:10:13","guid":{"rendered":"https:\/\/2c342aae-e94b-481e-aca9-de530b3b6ed6.h3.conves.io\/?post_type=product&#038;p=9815"},"modified":"2024-06-05T16:00:05","modified_gmt":"2024-06-05T14:00:05","slug":"nematec-kutter-sm65","status":"publish","type":"product","link":"https:\/\/www.strasser.co.at\/de\/produkt\/nematec-kutter-sm65\/","title":{"rendered":"VERKAUFT: Nematec Kutter SM65"},"content":{"rendered":"<p>60 L Sch\u00fcssel aus Edelstahl<br \/>\n2 Geschwindigkeiten f\u00fcr die Messer<br \/>\n2 Sch\u00fcsselgeschwindigkeiten<br \/>\nL\u00e4rmschutzdeckel<br \/>\nDigitalanzeige<br \/>\nSchaltschrank eingebaut<br \/>\n6 Kuttermesser org. Sey 75L\/Type K mit Nase<\/p>\n","protected":false},"excerpt":{"rendered":"<p>60 L Sch\u00fcssel aus Edelstahl 2 Geschwindigkeiten f\u00fcr die Messer 2 Sch\u00fcsselgeschwindigkeiten L\u00e4rmschutzdeckel Digitalanzeige Schaltschrank eingebaut 6 Kuttermesser org. Sey 75L\/Type K mit Nase<\/p>\n","protected":false},"featured_media":11054,"comment_status":"open","ping_status":"closed","template":"","meta":{"_acf_changed":false,"_crsspst_to_strasser-maschinench":true,"inline_featured_image":false},"product_cat":[92],"product_tag":[],"class_list":{"0":"post-9815","1":"product","2":"type-product","3":"status-publish","4":"has-post-thumbnail","6":"product_cat-verkauft","8":"first","9":"instock","10":"taxable","11":"shipping-taxable","12":"product-type-simple"},"acf":[],"_links":{"self":[{"href":"https:\/\/www.strasser.co.at\/de\/wp-json\/wp\/v2\/product\/9815","targetHints":{"allow":["GET"]}}],"collection":[{"href":"https:\/\/www.strasser.co.at\/de\/wp-json\/wp\/v2\/product"}],"about":[{"href":"https:\/\/www.strasser.co.at\/de\/wp-json\/wp\/v2\/types\/product"}],"replies":[{"embeddable":true,"href":"https:\/\/www.strasser.co.at\/de\/wp-json\/wp\/v2\/comments?post=9815"}],"wp:featuredmedia":[{"embeddable":true,"href":"https:\/\/www.strasser.co.at\/de\/wp-json\/wp\/v2\/media\/11054"}],"wp:attachment":[{"href":"https:\/\/www.strasser.co.at\/de\/wp-json\/wp\/v2\/media?parent=9815"}],"wp:term":[{"taxonomy":"product_cat","embeddable":true,"href":"https:\/\/www.strasser.co.at\/de\/wp-json\/wp\/v2\/product_cat?post=9815"},{"taxonomy":"product_tag","embeddable":true,"href":"https:\/\/www.strasser.co.at\/de\/wp-json\/wp\/v2\/product_tag?post=9815"}],"curies":[{"name":"wp","href":"https:\/\/api.w.org\/{rel}","templated":true}]}}