{"id":15019,"date":"2021-06-30T17:57:13","date_gmt":"2021-06-30T15:57:13","guid":{"rendered":"https:\/\/2c342aae-e94b-481e-aca9-de530b3b6ed6.h3.conves.io\/produkt\/ab-patty-formers\/"},"modified":"2021-12-14T09:38:32","modified_gmt":"2021-12-14T08:38:32","slug":"ab-patty-formers","status":"publish","type":"product","link":"https:\/\/www.strasser.co.at\/en\/produkt\/ab-patty-formers\/","title":{"rendered":"AB Patty Formers"},"content":{"rendered":"<h2>Der Hamburgerformer<\/h2>\n<p>AB ist der Inbegriff f\u00fcr Hamburgerformmaschinen, seit Jahrzehnten ist das Familienunternehmen auf die Herstellung und Weiterentwicklung dieser Ger\u00e4te spezialisiert.<br \/>\nAB\u00a0bietet Hamburgerformer die von 400\u00a0bis zu 4000\u00a0St\u00fcck Hamburgerlaibchen pro Stunde\u00a0herstellen.\u00a0Es k\u00f6nnen verschiedenste Formen, egal ob rund, oval oder rechteckig bis zu einem Durchmesser von 130mm hergestellt werden.<\/p>\n<h2>Hamburger bis Kaspresskn\u00f6del<\/h2>\n<p>Der\u00a0Patty\u00a0Former\u00a0bietet\u00a0zahlreiche M\u00f6glichkeiten um nicht nur\u00a0Hamburger zu Formen sondern auch\u00a0Kaspresskn\u00f6del, Fleischpflanzerl, Frikadellen,\u00a0Fischburger, Kekse\u00a0und vieles mehr effizient herzustellen.\u00a0Das Formger\u00e4t kann mit verschiedensten Zu- und Abfuhrb\u00e4ndern ausgestattet werden.<br \/>\nMit einem Zusatzger\u00e4t k\u00f6nnen auch runde Formen (z.B. Fleischb\u00e4llchen) gewichtsgenau hergestellt werden.<\/p>\n<h2>Einfaches Prinzip, perfekte Optik<\/h2>\n<p>Die Funktionsweise des AB Hamburgerformers ist besonders einfach: Die Produktmischung wird\u00a0in\u00a0den Trichter\u00a0gef\u00fcllt.\u00a0Das\u00a0rotierende\u00a0Paddel\u00a0f\u00f6rdert\u00a0das Produkt\u00a0sanft in den Hohlraum\u00a0der Trommel. So wird ein optisch wie per Hand geformter Burger erzeugt. Die &#8220;hausgemachte&#8221; Optik der Produkte, wird auch Ihre Kunden \u00fcberzeugen!<\/p>\n<p>F\u00fcr Ihr individuelles Angebot nehmen Sie gerne direkt mit uns <a href=\"https:\/\/2c342aae-e94b-481e-aca9-de530b3b6ed6.h3.conves.io\/de\/kontakt\" target=\"_blank\" rel=\"noopener\">Kontakt <\/a>auf.<\/p>\n","protected":false},"excerpt":{"rendered":"<p>Patty Former, Meat Ball Former, Cookie Former<\/p>\n","protected":false},"featured_media":14128,"comment_status":"open","ping_status":"closed","template":"","meta":{"_acf_changed":false,"_crsspst_to_strasser-maschinench":false,"inline_featured_image":false},"product_cat":[155],"product_tag":[],"class_list":{"0":"post-15019","1":"product","2":"type-product","3":"status-publish","4":"has-post-thumbnail","6":"product_cat-new-machinery","8":"first","9":"instock","10":"taxable","11":"shipping-taxable","12":"purchasable","13":"product-type-simple"},"acf":[],"_links":{"self":[{"href":"https:\/\/www.strasser.co.at\/en\/wp-json\/wp\/v2\/product\/15019","targetHints":{"allow":["GET"]}}],"collection":[{"href":"https:\/\/www.strasser.co.at\/en\/wp-json\/wp\/v2\/product"}],"about":[{"href":"https:\/\/www.strasser.co.at\/en\/wp-json\/wp\/v2\/types\/product"}],"replies":[{"embeddable":true,"href":"https:\/\/www.strasser.co.at\/en\/wp-json\/wp\/v2\/comments?post=15019"}],"wp:featuredmedia":[{"embeddable":true,"href":"https:\/\/www.strasser.co.at\/en\/wp-json\/wp\/v2\/media\/14128"}],"wp:attachment":[{"href":"https:\/\/www.strasser.co.at\/en\/wp-json\/wp\/v2\/media?parent=15019"}],"wp:term":[{"taxonomy":"product_cat","embeddable":true,"href":"https:\/\/www.strasser.co.at\/en\/wp-json\/wp\/v2\/product_cat?post=15019"},{"taxonomy":"product_tag","embeddable":true,"href":"https:\/\/www.strasser.co.at\/en\/wp-json\/wp\/v2\/product_tag?post=15019"}],"curies":[{"name":"wp","href":"https:\/\/api.w.org\/{rel}","templated":true}]}}