{"id":15025,"date":"2021-06-30T17:52:46","date_gmt":"2021-06-30T15:52:46","guid":{"rendered":"https:\/\/2c342aae-e94b-481e-aca9-de530b3b6ed6.h3.conves.io\/produkt\/maja\/"},"modified":"2021-06-30T17:52:46","modified_gmt":"2021-06-30T15:52:46","slug":"maja","status":"publish","type":"product","link":"https:\/\/www.strasser.co.at\/en\/produkt\/maja\/","title":{"rendered":"Maja"},"content":{"rendered":"<h2>Technik f\u00fcr die Zukunft<\/h2>\n<p>Seit 1955 entwickelt, produziert und vertreibt die MAJA-Maschinenfabrik Entschwartungs-, Entfettungs- und Entvliesmaschinen, Enth\u00e4utungsmaschinen f\u00fcr Fisch und Gefl\u00fcgel, Automatisierungsl\u00f6sungen und Schneidesysteme, sowie Eiserzeuger zur Herstellung und K\u00fchlung von Lebensmitteln.<\/p>\n<p><strong>Die Produktpalette umfasst:<\/strong><br \/>\no Scherbeneiserzeuger<br \/>\no Entvliesmaschinen<br \/>\no Entschwartungsmaschinen<br \/>\no Kebab\/Gyros-Schneidemaschinen<br \/>\no Enth\u00e4utungsmaschinen<br \/>\no Fischenth\u00e4utungsmaschinen<br \/>\no Gefl\u00fcgelenth\u00e4utungsmaschinen<br \/>\no Rundmesser-Schneidemaschinen<br \/>\no Gewichtsgenaue Portioniersysteme<\/p>\n<h2>Mit der BXA<em>plus<\/em>\u00a0maximale Ausbeute erzielen<\/h2>\n<p>Die neue Abschwartmaschine BXA<em>plus<\/em>\u00a0punktet in erster Linie mit ihrer rein mechanischen automatischen Anschnittsteuerung &#8211; durchdachte Technik, die ohne den Einsatz von Lichtschranken und Druckluft auskommt und trotzdem maximale Ausbeute sicherstellt.<br \/>\nDies bedeutet bei MAJA, dass die Schwartenr\u00fcckst\u00e4nde an den g\u00e4ngigen Teilst\u00fccken Bauch, R\u00fcckenspeck, Schulter und Backe bei optimalen Bedingungen unter 1 % liegen k\u00f6nnen!<\/p>\n<h2>Scherbeneis &#8211; ideal f\u00fcr den Einsatz in der Fleischerei<\/h2>\n<p>Scherbeneis hat im Vergleich zum Brucheis zahlreiche Vorteile:<br \/>\n<strong>Hohe K\u00fchlleistung, Eistemperatur -7\u00b0C<\/strong><br \/>\n&#8211; Schnelle Produktabk\u00fchlung<br \/>\n&#8211; Produkt bleibt l\u00e4nger frisch<br \/>\n&#8211; Schmilzt langsamer als andere Eissorten, dadurch reduzierter Verbrauch<\/p>\n<p><strong>Schont Produkt und Werkzeuge (Kuttermesser)<\/strong><br \/>\n&#8211; D\u00fcnne Eisscherben (1 &#8211; 2 mm)<br \/>\n&#8211; Geringer mechanischer Widerstand<br \/>\n&#8211; Sehr gute Produktabdeckung<br \/>\n&#8211; Gro\u00dfe Oberfl\u00e4che zum W\u00e4rmeaustausch<\/p>\n<p>F\u00fcr Ihr individuelles Angebot nehmen Sie gerne direkt mit uns <a href=\"https:\/\/2c342aae-e94b-481e-aca9-de530b3b6ed6.h3.conves.io\/de\/kontakt\" target=\"_blank\" rel=\"noopener\">Kontakt <\/a>auf.<\/p>\n<p><a href=\"https:\/\/maja.de\/index.php\" target=\"_blank\" rel=\"noopener\">Link<\/a> zum Lieferanten.<\/p>\n","protected":false},"excerpt":{"rendered":"<p>Ice Machines, Derinding Machines<\/p>\n","protected":false},"featured_media":13972,"comment_status":"open","ping_status":"closed","template":"","meta":{"_acf_changed":false,"_crsspst_to_strasser-maschinench":false,"inline_featured_image":false},"product_cat":[155],"product_tag":[],"class_list":{"0":"post-15025","1":"product","2":"type-product","3":"status-publish","4":"has-post-thumbnail","6":"product_cat-new-machinery","8":"first","9":"instock","10":"taxable","11":"shipping-taxable","12":"purchasable","13":"product-type-simple"},"acf":[],"_links":{"self":[{"href":"https:\/\/www.strasser.co.at\/en\/wp-json\/wp\/v2\/product\/15025","targetHints":{"allow":["GET"]}}],"collection":[{"href":"https:\/\/www.strasser.co.at\/en\/wp-json\/wp\/v2\/product"}],"about":[{"href":"https:\/\/www.strasser.co.at\/en\/wp-json\/wp\/v2\/types\/product"}],"replies":[{"embeddable":true,"href":"https:\/\/www.strasser.co.at\/en\/wp-json\/wp\/v2\/comments?post=15025"}],"wp:featuredmedia":[{"embeddable":true,"href":"https:\/\/www.strasser.co.at\/en\/wp-json\/wp\/v2\/media\/13972"}],"wp:attachment":[{"href":"https:\/\/www.strasser.co.at\/en\/wp-json\/wp\/v2\/media?parent=15025"}],"wp:term":[{"taxonomy":"product_cat","embeddable":true,"href":"https:\/\/www.strasser.co.at\/en\/wp-json\/wp\/v2\/product_cat?post=15025"},{"taxonomy":"product_tag","embeddable":true,"href":"https:\/\/www.strasser.co.at\/en\/wp-json\/wp\/v2\/product_tag?post=15025"}],"curies":[{"name":"wp","href":"https:\/\/api.w.org\/{rel}","templated":true}]}}