{"id":15028,"date":"2021-06-30T17:51:05","date_gmt":"2021-06-30T15:51:05","guid":{"rendered":"https:\/\/2c342aae-e94b-481e-aca9-de530b3b6ed6.h3.conves.io\/produkt\/jeros\/"},"modified":"2021-06-30T17:51:05","modified_gmt":"2021-06-30T15:51:05","slug":"jeros","status":"publish","type":"product","link":"https:\/\/www.strasser.co.at\/en\/produkt\/jeros\/","title":{"rendered":"Jeros"},"content":{"rendered":"<h2>Die Universalsp\u00fclmaschine f\u00fcr Fleischer<\/h2>\n<p>Der einzigartige Waschrahmen der Jeros Sp\u00fclmaschinen gew\u00e4hrleistet bei jedem Waschgut einen 360\u00b0 rundum Reinigungseffekt.<br \/>\nDer Rahmen mit den Hochleistungsd\u00fcsen wird w\u00e4hrend des Waschvorganges vor- und zur\u00fcck bewegt. So wird nicht nur oben und unten sondern auch seitlich ordentlich gereinigt.<\/p>\n<p>Die kompakten JEROS Sp\u00fclmaschinen sind speziell f\u00fcr Metzgereien entwickelt. Die spezielle Haubenkonstruktion erm\u00f6glicht das einfache integrieren der Maschine in den t\u00e4glichen Arbeitsablauf. Die Maschine wird ausschlie\u00dflich nach oben ge\u00f6ffnet und ben\u00f6tigt somit zum Beschicken und Entleeren nicht mehr Platz als w\u00e4hrend des Sp\u00fclvorganges.<\/p>\n<h2>JEROS erf\u00fcllt h\u00f6chste Hygieneanspr\u00fcche<\/h2>\n<p>Keine Chance f\u00fcr noch so hartn\u00e4ckige Verschmutzungen! Die vollautomatische Seifendosierung sichert die optimale Zugabe an Sp\u00fclmittel. Kraftvolle Pumpen sorgen f\u00fcr das hervorragende Waschergebnis. Die integrierte Nachsp\u00fclpumpe garantiert w\u00e4hrend des gesamten Klarsp\u00fclvorganges eine konstante Temperatur von 85\u00b0C. Somit wird der sehr hohe Trocknungseffekt und die Desinfektion der gewaschenen Gegenst\u00e4nde erreicht.<\/p>\n<p>F\u00fcr Ihr individuelles Angebot nehmen Sie gerne direkt mit uns <a href=\"https:\/\/2c342aae-e94b-481e-aca9-de530b3b6ed6.h3.conves.io\/de\/kontakt\" target=\"_blank\" rel=\"noopener\">Kontakt <\/a>auf.<\/p>\n<p><a href=\"http:\/\/www.jeros.com\/\" target=\"_blank\" rel=\"noopener\">Link<\/a> zum Lieferanten.<\/p>\n","protected":false},"excerpt":{"rendered":"<p>Universal &#8211; Washer, Crate Washer<\/p>\n","protected":false},"featured_media":13945,"comment_status":"open","ping_status":"closed","template":"","meta":{"_acf_changed":false,"_crsspst_to_strasser-maschinench":false,"inline_featured_image":false},"product_cat":[155],"product_tag":[],"class_list":{"0":"post-15028","1":"product","2":"type-product","3":"status-publish","4":"has-post-thumbnail","6":"product_cat-new-machinery","8":"first","9":"instock","10":"taxable","11":"shipping-taxable","12":"purchasable","13":"product-type-simple"},"acf":[],"_links":{"self":[{"href":"https:\/\/www.strasser.co.at\/en\/wp-json\/wp\/v2\/product\/15028","targetHints":{"allow":["GET"]}}],"collection":[{"href":"https:\/\/www.strasser.co.at\/en\/wp-json\/wp\/v2\/product"}],"about":[{"href":"https:\/\/www.strasser.co.at\/en\/wp-json\/wp\/v2\/types\/product"}],"replies":[{"embeddable":true,"href":"https:\/\/www.strasser.co.at\/en\/wp-json\/wp\/v2\/comments?post=15028"}],"wp:featuredmedia":[{"embeddable":true,"href":"https:\/\/www.strasser.co.at\/en\/wp-json\/wp\/v2\/media\/13945"}],"wp:attachment":[{"href":"https:\/\/www.strasser.co.at\/en\/wp-json\/wp\/v2\/media?parent=15028"}],"wp:term":[{"taxonomy":"product_cat","embeddable":true,"href":"https:\/\/www.strasser.co.at\/en\/wp-json\/wp\/v2\/product_cat?post=15028"},{"taxonomy":"product_tag","embeddable":true,"href":"https:\/\/www.strasser.co.at\/en\/wp-json\/wp\/v2\/product_tag?post=15028"}],"curies":[{"name":"wp","href":"https:\/\/api.w.org\/{rel}","templated":true}]}}