{"id":15031,"date":"2021-06-30T17:43:56","date_gmt":"2021-06-30T15:43:56","guid":{"rendered":"https:\/\/2c342aae-e94b-481e-aca9-de530b3b6ed6.h3.conves.io\/produkt\/kitzinger\/"},"modified":"2021-06-30T17:43:56","modified_gmt":"2021-06-30T15:43:56","slug":"kitzinger","status":"publish","type":"product","link":"https:\/\/www.strasser.co.at\/en\/produkt\/kitzinger\/","title":{"rendered":"Kitzinger"},"content":{"rendered":"<p>Kitzinger Maschinenbau, 1986 gegr\u00fcndet, ist der Spezialist f\u00fcr industrielle Waschanlagen. Jede Anlage wird auf die Bed\u00fcrfnisse des Kunden ma\u00dfgeschneidert. Robuste bauweise, hochwertige Komponenten und einfachste Bedienbarbkeit machen die Anlagen zu den verl\u00e4sslichsten am Markt.<br \/>\nWeit \u00fcber 1.200 Maschineninstallationen weltweit machen Kitzinger zum erfahrenen Partner f\u00fcr:<\/p>\n<ul>\n<li>Kistenwaschanlagen<\/li>\n<li>Palettenwaschanlagen<\/li>\n<li>Formenwaschanlagen, auch f\u00fcr Leberk\u00e4sformen<\/li>\n<li>Flaschenwaschanlagen<\/li>\n<li>Wagenwaschanlagen<\/li>\n<li>Kastenwascher<\/li>\n<li>Bandwaschanlagen<\/li>\n<li>Durchlaufreinigungsmaschinen<\/li>\n<li>Teilewaschanlagen<\/li>\n<\/ul>\n<p>Kitzinger entwickelt jede einzelne Anlage kunden- und branchenspezifisch aus Standardkomponenten mit Anbauteilen namhafter Hersteller. Dies erm\u00f6glicht einen zuverl\u00e4ssigen Betrieb, eine einfache Wartung und schnelle Verf\u00fcgbarkeit von Ersatzteilen.<\/p>\n<p>F\u00fcr Ihr individuelles Angebot nehmen Sie gerne direkt mit uns <a href=\"https:\/\/2c342aae-e94b-481e-aca9-de530b3b6ed6.h3.conves.io\/de\/kontakt\" target=\"_blank\" rel=\"noopener\">Kontakt <\/a>auf.<\/p>\n<p><a href=\"https:\/\/kitzinger-gmbh.de\/\" target=\"_blank\" rel=\"noopener\">Link<\/a> zum Lieferanten.<\/p>\n<p>&nbsp;<\/p>\n","protected":false},"excerpt":{"rendered":"<p>Crate Washers<\/p>\n","protected":false},"featured_media":13957,"comment_status":"open","ping_status":"closed","template":"","meta":{"_acf_changed":false,"_crsspst_to_strasser-maschinench":false,"inline_featured_image":false},"product_cat":[155],"product_tag":[],"class_list":{"0":"post-15031","1":"product","2":"type-product","3":"status-publish","4":"has-post-thumbnail","6":"product_cat-new-machinery","8":"first","9":"instock","10":"taxable","11":"shipping-taxable","12":"purchasable","13":"product-type-simple"},"acf":[],"_links":{"self":[{"href":"https:\/\/www.strasser.co.at\/en\/wp-json\/wp\/v2\/product\/15031","targetHints":{"allow":["GET"]}}],"collection":[{"href":"https:\/\/www.strasser.co.at\/en\/wp-json\/wp\/v2\/product"}],"about":[{"href":"https:\/\/www.strasser.co.at\/en\/wp-json\/wp\/v2\/types\/product"}],"replies":[{"embeddable":true,"href":"https:\/\/www.strasser.co.at\/en\/wp-json\/wp\/v2\/comments?post=15031"}],"wp:featuredmedia":[{"embeddable":true,"href":"https:\/\/www.strasser.co.at\/en\/wp-json\/wp\/v2\/media\/13957"}],"wp:attachment":[{"href":"https:\/\/www.strasser.co.at\/en\/wp-json\/wp\/v2\/media?parent=15031"}],"wp:term":[{"taxonomy":"product_cat","embeddable":true,"href":"https:\/\/www.strasser.co.at\/en\/wp-json\/wp\/v2\/product_cat?post=15031"},{"taxonomy":"product_tag","embeddable":true,"href":"https:\/\/www.strasser.co.at\/en\/wp-json\/wp\/v2\/product_tag?post=15031"}],"curies":[{"name":"wp","href":"https:\/\/api.w.org\/{rel}","templated":true}]}}