{"id":15043,"date":"2021-06-30T17:31:36","date_gmt":"2021-06-30T15:31:36","guid":{"rendered":"https:\/\/2c342aae-e94b-481e-aca9-de530b3b6ed6.h3.conves.io\/produkt\/frey\/"},"modified":"2021-06-30T17:31:36","modified_gmt":"2021-06-30T15:31:36","slug":"frey","status":"publish","type":"product","link":"https:\/\/www.strasser.co.at\/en\/produkt\/frey\/","title":{"rendered":"Frey"},"content":{"rendered":"<p>Das deutsche Familienunternehmen Frey entwickelt seit 1946 F\u00fcller f\u00fcr die Lebensmittelbranche. Die Frey Vakuum- und Kolbenf\u00fcller sind dank der zahlreichen Vorsatzger\u00e4te vielseitig einsetzbar.<\/p>\n<h2>Das Angebot der Frey GmbH umfasst:<\/h2>\n<p>&#8211; Kolbenf\u00fcller 20 &#8211; 30 L<br \/>\n&#8211; Vakuumf\u00fcller 50 &#8211; 330 L<br \/>\n&#8211; Darmhaltevorrichtungen<br \/>\n&#8211; Vorsatzger\u00e4te f\u00fcr Convenience Produkte<\/p>\n<h2>&#8220;C-Line&#8221; Convenience Food Line<\/h2>\n<p>Mit dem Frey C-Line System k\u00f6nnen zahlreiche Convenience Produkte hergestellt werden. C-Line Komponenten sind modular aufgebaut und kombinierbar. So k\u00f6nnen mit dem Formband DMFB92 LIN Burger, B\u00e4llchen, Laibchen mit bis zu 250 Takten pro Minute hergestellt werden.<\/p>\n<h2>Flexibilit\u00e4t mit der Frey-Line<\/h2>\n<p>Mit der Frey-Line sind Sie bestens f\u00fcr die Zukunft ger\u00fcstet. Das Frey Fl\u00fcgelzellenf\u00f6rderwerk garantiert einen besonders schonenden Umgang mit dem F\u00fcllgut. Sie k\u00f6nnen unabh\u00e4ngig von der Wurstmasse, von warmer, d\u00fcnnfl\u00fcssiger Leberwurst, \u00fcber Ware mit st\u00fcckiger Einlage wie Bierschinken, bis zur festen Rohwurst mit Minusgraden, alle Sorten verarbeiten und erhalten dabei h\u00f6chste Qualit\u00e4t Ihrer Produkte. F\u00fcr grobst\u00fcckige Ware ist eine einfache Umr\u00fcstung jederzeit m\u00f6glich. F-Line beherrscht das Portionieren und Abdrehen in die verschiedensten Verpackungsmedien, egal ob Natur- oder Kunstd\u00e4rme, Dosen oder als zuf\u00fchrende Pumpe von Vorsatzger\u00e4ten.<\/p>\n<p>F\u00fcr Ihr individuelles Angebot nehmen Sie gerne direkt mit uns <a href=\"https:\/\/2c342aae-e94b-481e-aca9-de530b3b6ed6.h3.conves.io\/de\/kontakt\" target=\"_blank\" rel=\"noopener\">Kontakt <\/a>auf.<\/p>\n<p><a href=\"https:\/\/www.frey-maschinenbau.de\/de\/frey-maschinenbau-der-spezialist-fuer-fuelltechnik.html\" target=\"_blank\" rel=\"noopener\">Link<\/a> zum Lieferanten.<\/p>\n","protected":false},"excerpt":{"rendered":"<p>Vacuum Stuffers, Piston Stuffers<\/p>\n","protected":false},"featured_media":13798,"comment_status":"open","ping_status":"closed","template":"","meta":{"_acf_changed":false,"_crsspst_to_strasser-maschinench":false,"inline_featured_image":false},"product_cat":[155],"product_tag":[],"class_list":{"0":"post-15043","1":"product","2":"type-product","3":"status-publish","4":"has-post-thumbnail","6":"product_cat-new-machinery","8":"first","9":"instock","10":"taxable","11":"shipping-taxable","12":"purchasable","13":"product-type-simple"},"acf":[],"_links":{"self":[{"href":"https:\/\/www.strasser.co.at\/en\/wp-json\/wp\/v2\/product\/15043","targetHints":{"allow":["GET"]}}],"collection":[{"href":"https:\/\/www.strasser.co.at\/en\/wp-json\/wp\/v2\/product"}],"about":[{"href":"https:\/\/www.strasser.co.at\/en\/wp-json\/wp\/v2\/types\/product"}],"replies":[{"embeddable":true,"href":"https:\/\/www.strasser.co.at\/en\/wp-json\/wp\/v2\/comments?post=15043"}],"wp:featuredmedia":[{"embeddable":true,"href":"https:\/\/www.strasser.co.at\/en\/wp-json\/wp\/v2\/media\/13798"}],"wp:attachment":[{"href":"https:\/\/www.strasser.co.at\/en\/wp-json\/wp\/v2\/media?parent=15043"}],"wp:term":[{"taxonomy":"product_cat","embeddable":true,"href":"https:\/\/www.strasser.co.at\/en\/wp-json\/wp\/v2\/product_cat?post=15043"},{"taxonomy":"product_tag","embeddable":true,"href":"https:\/\/www.strasser.co.at\/en\/wp-json\/wp\/v2\/product_tag?post=15043"}],"curies":[{"name":"wp","href":"https:\/\/api.w.org\/{rel}","templated":true}]}}