{"id":15046,"date":"2021-06-30T17:26:35","date_gmt":"2021-06-30T15:26:35","guid":{"rendered":"https:\/\/2c342aae-e94b-481e-aca9-de530b3b6ed6.h3.conves.io\/produkt\/alco\/"},"modified":"2021-06-30T17:26:35","modified_gmt":"2021-06-30T15:26:35","slug":"alco","status":"publish","type":"product","link":"https:\/\/www.strasser.co.at\/en\/produkt\/alco\/","title":{"rendered":"ALCO"},"content":{"rendered":"<p>Seit 1977 ist das familiengef\u00fchrte Unternehmen ALCO im Markt f\u00fcr Convenience Anlagen t\u00e4tig. Mittlerweile ist der deutsche Hersteller einer der\u00a0weltweit f\u00fchrenden Anbieter.<\/p>\n<p>Modernste Technik f\u00fcr Qualit\u00e4tsprodukte ist das Ziel des Unternehmens. So stehen Funktion und Qualit\u00e4t an oberster Stelle. Aber auch die konsequente und praxisnahe Forschung hat ALCO im In- und Ausland zum Erfolg gef\u00fchrt.<\/p>\n<h2>Alles aus einer Hand<\/h2>\n<p>Vom Ausformen \u00fcbers Bemeheln, Nass- &amp; Trockenpanieren, Frittieren, Garen bis hin zum Frosten bietet ALCO ma\u00dfgeschneiderte L\u00f6sungen.<\/p>\n<p>Die ALCO Produktpalette umfa\u00dft:<br \/>\n&#8211;\u00a0<strong>Formmaschinen<\/strong>\u00a0f\u00fcr Hamburger, Kroketten, Fleischb\u00e4llchen<br \/>\n&#8211;\u00a0<strong>Pl\u00e4tter<\/strong>\u00a0f\u00fcr Schnitzel, D\u00f6ner<br \/>\n&#8211; Cordon-Bleu-<strong>Schneider<\/strong><br \/>\n&#8211;\u00a0<strong>Schneideanlagen<\/strong>\u00a0zum gewichtsgenauen Portionieren<br \/>\n&#8211;\u00a0<strong>Marinieranlagen<\/strong>\u00a0f\u00fcr d\u00fcnn- und dickfl\u00fcssige Marinaden<br \/>\n&#8211;\u00a0<strong>Trockenpanieranlagen<\/strong><br \/>\n&#8211;<strong>\u00a0Bemehlungsanlagen<\/strong><br \/>\n&#8211;\u00a0<strong>Fritteusen<\/strong>\u00a0in \u00d6l oder Fett<br \/>\n&#8211;\u00a0<strong>Kontaktbr\u00e4ter<\/strong>\u00a0ohne Fettzugabe<br \/>\n&#8211;\u00a0<strong>Kochmischer<\/strong>\u00a0zum Kochen, Braten, Garen<br \/>\n&#8211;\u00a0<strong>Linear- und Spiral\u00f6fen<\/strong>\u00a0mit Hei\u00dfluft und\/oder Dampf<br \/>\n&#8211;\u00a0<strong>Froster<\/strong><br \/>\n&#8211;\u00a0<strong>Pasteurisationsanlagen<\/strong><\/p>\n<p>F\u00fcr Ihr individuelles Angebot nehmen Sie gerne direkt mit uns <a href=\"https:\/\/2c342aae-e94b-481e-aca9-de530b3b6ed6.h3.conves.io\/de\/kontakt\" target=\"_blank\" rel=\"noopener\">Kontakt <\/a>auf.<\/p>\n<p><a href=\"https:\/\/www.alco-food.com\/de\" target=\"_blank\" rel=\"noopener\">Link<\/a> zum Lieferanten.<\/p>\n<p>&nbsp;<\/p>\n","protected":false},"excerpt":{"rendered":"<p>Convenience systems<\/p>\n","protected":false},"featured_media":13792,"comment_status":"open","ping_status":"closed","template":"","meta":{"_acf_changed":false,"_crsspst_to_strasser-maschinench":false,"inline_featured_image":false},"product_cat":[155],"product_tag":[],"class_list":{"0":"post-15046","1":"product","2":"type-product","3":"status-publish","4":"has-post-thumbnail","6":"product_cat-new-machinery","8":"first","9":"instock","10":"taxable","11":"shipping-taxable","12":"purchasable","13":"product-type-simple"},"acf":[],"_links":{"self":[{"href":"https:\/\/www.strasser.co.at\/en\/wp-json\/wp\/v2\/product\/15046","targetHints":{"allow":["GET"]}}],"collection":[{"href":"https:\/\/www.strasser.co.at\/en\/wp-json\/wp\/v2\/product"}],"about":[{"href":"https:\/\/www.strasser.co.at\/en\/wp-json\/wp\/v2\/types\/product"}],"replies":[{"embeddable":true,"href":"https:\/\/www.strasser.co.at\/en\/wp-json\/wp\/v2\/comments?post=15046"}],"wp:featuredmedia":[{"embeddable":true,"href":"https:\/\/www.strasser.co.at\/en\/wp-json\/wp\/v2\/media\/13792"}],"wp:attachment":[{"href":"https:\/\/www.strasser.co.at\/en\/wp-json\/wp\/v2\/media?parent=15046"}],"wp:term":[{"taxonomy":"product_cat","embeddable":true,"href":"https:\/\/www.strasser.co.at\/en\/wp-json\/wp\/v2\/product_cat?post=15046"},{"taxonomy":"product_tag","embeddable":true,"href":"https:\/\/www.strasser.co.at\/en\/wp-json\/wp\/v2\/product_tag?post=15046"}],"curies":[{"name":"wp","href":"https:\/\/api.w.org\/{rel}","templated":true}]}}