{"id":15052,"date":"2021-05-23T14:27:18","date_gmt":"2021-05-23T12:27:18","guid":{"rendered":"https:\/\/2c342aae-e94b-481e-aca9-de530b3b6ed6.h3.conves.io\/produkt\/vakona-kuehltumbler-feinkostmischer-injektoren\/"},"modified":"2021-05-23T14:27:18","modified_gmt":"2021-05-23T12:27:18","slug":"vakona-kuehltumbler-feinkostmischer-injektoren","status":"publish","type":"product","link":"https:\/\/www.strasser.co.at\/en\/produkt\/vakona-kuehltumbler-feinkostmischer-injektoren\/","title":{"rendered":"Vakona"},"content":{"rendered":"<h2>VAKONA &#8211; kompromi\u00dflose Qualit\u00e4t:<\/h2>\n<p>Das deutsche Familienunternehmen VAKONA steht seit Jahrzehnten f\u00fcr kompromi\u00dflose Qualit\u00e4t im Maschinenbau.<br \/>\nDie VAKONA Produkte werden mit gro\u00dfer Sorgfalt hergestellt und verf\u00fcgen \u00fcber modernste Technologie.<\/p>\n<h2>Legend\u00e4r: VAKONA Vakuum &#8211; K\u00fchl &#8211; Tumbler<\/h2>\n<p>Die VAKONA Energiespar &#8211; Vakuumk\u00fchltumbler sind weltweit bekannt f\u00fcr ihre hochwertige und massive Ausf\u00fchrung. Sinnvolle Steuerungstechnik, angepasst an die harten Bedingungen in Lebensmittelbetrieben. Das zeichnet eine Maschine aus.<br \/>\nDie VAKONA Tumbler werden auf Wunsch auch ohne K\u00fchlung angeboten, und mit dem optionalen Mischarm, machen Sie aus Ihrem Tumbler im Handumdrehen einen Mischer!<\/p>\n<h2>VAKONA Feinkost-Mischer<\/h2>\n<p>Diese Maschinen sind speziell f\u00fcr das Mischen von Salaten und Feinkostprodukten entwickelt worden. Verschiedene Mengarm-Systeme sorgen f\u00fcr ein perfektes vermischen des Mischgutes.<\/p>\n<h2>VAKONA P\u00f6kelinjektoren<\/h2>\n<p>Vom kleinen Tischger\u00e4t &#8220;P\u00f6kelboy&#8221;, bis hin zum Injektor mit Programmsteuerung, bietet VAKONA Injektoren mit einfachster Bedienung und maximaler Leistung.<\/p>\n<p>F\u00fcr Ihr individuelles Angebot nehmen Sie gerne direkt mit uns <a href=\"https:\/\/2c342aae-e94b-481e-aca9-de530b3b6ed6.h3.conves.io\/de\/kontakt\" target=\"_blank\" rel=\"noopener\">Kontakt <\/a>auf.<\/p>\n<p><a href=\"https:\/\/www.vakona.de\/\" target=\"_blank\" rel=\"noopener\">Link<\/a> zum Lieferanten.<\/p>\n<p>&nbsp;<\/p>\n","protected":false},"excerpt":{"rendered":"<p>Energy saving cool tumbler, delicatessen mixer<\/p>\n","protected":false},"featured_media":12988,"comment_status":"open","ping_status":"closed","template":"","meta":{"_acf_changed":false,"_crsspst_to_strasser-maschinench":false,"inline_featured_image":false},"product_cat":[155],"product_tag":[],"class_list":{"0":"post-15052","1":"product","2":"type-product","3":"status-publish","4":"has-post-thumbnail","6":"product_cat-new-machinery","8":"first","9":"instock","10":"taxable","11":"shipping-taxable","12":"product-type-simple"},"acf":[],"_links":{"self":[{"href":"https:\/\/www.strasser.co.at\/en\/wp-json\/wp\/v2\/product\/15052","targetHints":{"allow":["GET"]}}],"collection":[{"href":"https:\/\/www.strasser.co.at\/en\/wp-json\/wp\/v2\/product"}],"about":[{"href":"https:\/\/www.strasser.co.at\/en\/wp-json\/wp\/v2\/types\/product"}],"replies":[{"embeddable":true,"href":"https:\/\/www.strasser.co.at\/en\/wp-json\/wp\/v2\/comments?post=15052"}],"wp:featuredmedia":[{"embeddable":true,"href":"https:\/\/www.strasser.co.at\/en\/wp-json\/wp\/v2\/media\/12988"}],"wp:attachment":[{"href":"https:\/\/www.strasser.co.at\/en\/wp-json\/wp\/v2\/media?parent=15052"}],"wp:term":[{"taxonomy":"product_cat","embeddable":true,"href":"https:\/\/www.strasser.co.at\/en\/wp-json\/wp\/v2\/product_cat?post=15052"},{"taxonomy":"product_tag","embeddable":true,"href":"https:\/\/www.strasser.co.at\/en\/wp-json\/wp\/v2\/product_tag?post=15052"}],"curies":[{"name":"wp","href":"https:\/\/api.w.org\/{rel}","templated":true}]}}