{"id":15055,"date":"2021-05-23T14:26:17","date_gmt":"2021-05-23T12:26:17","guid":{"rendered":"https:\/\/2c342aae-e94b-481e-aca9-de530b3b6ed6.h3.conves.io\/produkt\/henneken-tumbler-injektoren-walzensteaker\/"},"modified":"2021-05-23T14:26:17","modified_gmt":"2021-05-23T12:26:17","slug":"henneken-tumbler-injektoren-walzensteaker","status":"publish","type":"product","link":"https:\/\/www.strasser.co.at\/en\/produkt\/henneken-tumbler-injektoren-walzensteaker\/","title":{"rendered":"Henneken"},"content":{"rendered":"<h2>Kompromisslose Qualit\u00e4t!<\/h2>\n<p>Henneken Tumbler sind der Inbegriff f\u00fcr massive Bauweise und einfachste Bedienbarkeit. Hochwertige Materialen die ausschlie\u00dflich im deutschen Werk des Unternehmens verarbeitet werden, garantieren die h\u00f6chst \u00fcberdurchschnittliche Lebensdauer der Maschinen. Bei einem Henneken Tumbler haben Sie unglaubliche 5 Jahre Garantie auf die Trommel!<\/p>\n<h2>Ma\u00dfgeschneiderte Tumbler<\/h2>\n<p>Auf individuelle Kundenw\u00fcnsche wird bei der Konstruktion der Maschinen besonders geachtet.<br \/>\nDie Tumbler sind von 150 &#8211; 18.000 Liter lieferbar, optional mit K\u00fchl- und\/oder Heizeinrichtung.<br \/>\nAuf Wunsch kann eine hydraulische Hebe- und Senkvorrichtung angebaut werden. Es stehen verschiedenste Arten von Beschickungsm\u00f6glichkeiten zur Verf\u00fcgung.<\/p>\n<h2>Walzensteaker &#8211; erh\u00f6hen Sie Ihre Ausbeute<\/h2>\n<p>Mit dem Walzensteaker von Henneken erh\u00f6hen Sie die Ausbeute bei gleichbleibender Schinkenqualit\u00e4t. Dieses Ger\u00e4t amortisiert sich in den meisten F\u00e4llen nach bereits wenigen Monaten!<\/p>\n<h2>Industrie Injektoren<\/h2>\n<p>Die Henneken Injektoren zeichnen sich durch robustes Industriedesign und hohe Bedienerfreudlichkeit aus. Die pneumatische Einzelnadelfederung, Kammvorschub, 1-2 Weg Injektion und hochgenaue Sektorinjektion garantieren f\u00fcr jedes Produkt die richtigen Einstellm\u00f6glichkeiten.<\/p>\n<h2>Sondermaschinenbau<\/h2>\n<p>Vom Lakemischer bis zum dampfbeheizten Tumbler &#8211; den Henneken Ingenieuren ist keine Anforderung zu hei\u00df und kein Auftrag zu gro\u00df. Fragen Sie nach Ihrer ma\u00dfgeschneiderten L\u00f6sung.<\/p>\n<h2>Setzen Sie auf Qualit\u00e4t<\/h2>\n<p>Viele \u00f6sterreichische Industrie- und Handwerksbetriebe schw\u00f6ren bereits auf die Henneken Qualit\u00e4t. \u00dcberzeugen auch Sie sich.<\/p>\n<p>F\u00fcr Ihr individuelles Angebot nehmen Sie gerne direkt mit uns <a href=\"https:\/\/2c342aae-e94b-481e-aca9-de530b3b6ed6.h3.conves.io\/de\/kontakt\" target=\"_blank\" rel=\"noopener\">Kontakt <\/a>auf.<\/p>\n<p><a href=\"https:\/\/henneken-tumbler.de\/\" target=\"_blank\" rel=\"noopener\">Link<\/a> zum Lieferanten.<\/p>\n","protected":false},"excerpt":{"rendered":"<p>Vacuum tumblers, injectors, brine mixers<\/p>\n","protected":false},"featured_media":13753,"comment_status":"open","ping_status":"closed","template":"","meta":{"_acf_changed":false,"_crsspst_to_strasser-maschinench":false,"inline_featured_image":false},"product_cat":[155],"product_tag":[],"class_list":{"0":"post-15055","1":"product","2":"type-product","3":"status-publish","4":"has-post-thumbnail","6":"product_cat-new-machinery","8":"first","9":"instock","10":"taxable","11":"shipping-taxable","12":"product-type-simple"},"acf":[],"_links":{"self":[{"href":"https:\/\/www.strasser.co.at\/en\/wp-json\/wp\/v2\/product\/15055","targetHints":{"allow":["GET"]}}],"collection":[{"href":"https:\/\/www.strasser.co.at\/en\/wp-json\/wp\/v2\/product"}],"about":[{"href":"https:\/\/www.strasser.co.at\/en\/wp-json\/wp\/v2\/types\/product"}],"replies":[{"embeddable":true,"href":"https:\/\/www.strasser.co.at\/en\/wp-json\/wp\/v2\/comments?post=15055"}],"wp:featuredmedia":[{"embeddable":true,"href":"https:\/\/www.strasser.co.at\/en\/wp-json\/wp\/v2\/media\/13753"}],"wp:attachment":[{"href":"https:\/\/www.strasser.co.at\/en\/wp-json\/wp\/v2\/media?parent=15055"}],"wp:term":[{"taxonomy":"product_cat","embeddable":true,"href":"https:\/\/www.strasser.co.at\/en\/wp-json\/wp\/v2\/product_cat?post=15055"},{"taxonomy":"product_tag","embeddable":true,"href":"https:\/\/www.strasser.co.at\/en\/wp-json\/wp\/v2\/product_tag?post=15055"}],"curies":[{"name":"wp","href":"https:\/\/api.w.org\/{rel}","templated":true}]}}