{"id":15058,"date":"2021-05-22T14:25:19","date_gmt":"2021-05-23T12:25:19","guid":{"rendered":"https:\/\/2c342aae-e94b-481e-aca9-de530b3b6ed6.h3.conves.io\/produkt\/schroeter-anlagensysteme\/"},"modified":"2021-05-23T14:25:19","modified_gmt":"2021-05-23T12:25:19","slug":"schroeter-anlagensysteme","status":"publish","type":"product","link":"https:\/\/www.strasser.co.at\/en\/produkt\/schroeter-anlagensysteme\/","title":{"rendered":"Schr\u00f6ter"},"content":{"rendered":"<h2>Schr\u00f6ter &#8211; die vielseitigen Genies<\/h2>\n<p>Als weltweit t\u00e4tiger Hersteller fertigt Schr\u00f6ter schwerpunktm\u00e4\u00dfig f\u00fcr die Fleisch- und Fischindustrie Maschinen und Anlagen zur thermischen Behandlung und Veredelung von Nahrungsmittelprodukten, wie zum Beispiel:<\/p>\n<p>\u00b7 Hei\u00dfrauch-Kochanlagen \u201eTHERMICjet\u201c<br \/>\n\u00b7 Fischrauchanlagen \u201eFISHjet\u201c<br \/>\n\u00b7 Back-\/Bratanlagen \u201eTHERMICjet\u201c<br \/>\n\u00b7 Kochanlagen \u201eTHERMICjet\u201c<br \/>\n\u00b7 Kochkessel \u201eTHERMICjet\u201c<br \/>\n\u00b7 Intensivk\u00fchlanlagen \u201eARCTICjet\u201c<br \/>\n\u00b7 Dreh- und Intervallduschanlagen \u201eARCTICjet\u201c<br \/>\n\u00b7 Raucherzeuger und Fl\u00fcssigrauchsysteme \u201eSMOKjet\u201c<br \/>\n\u00b7 Auftauanlagen \u201eCLIMAjet\u201c<br \/>\n\u00b7 Klima-Reifeanlagen \u201eCLIMAjet\u201c<br \/>\n\u00b7 Klima-Rohwurstanlagen \u201eCLIMAjet\u201c<br \/>\n\u00b7 Klima-Nachreifeanlagen \u201eCLIMAjet\u201c<br \/>\n\u00b7 Thermische Abluftreinigungssysteme \u201eCLEENjet\u201c<\/p>\n<h2>Individuelle Anlagenkonstruktion<\/h2>\n<p>Durch flexible Fertigungstechnik in Verbindung mit einem \u00fcber die Jahrzehnte gewonnenen Wissen sowie entsprechender Branchenerfahrung fertigt Schr\u00f6ter hochwertige Anlagen und Maschinen, die exakt auf den Bedarf und die W\u00fcnsche des Kunden zugeschnitten sind.<\/p>\n<h2>Optimales Endprodukt als Ziel<\/h2>\n<p>Bei der Anlagenkonstruktion verfolgt Schr\u00f6ter vor allem ein Ziel: ein optimales Endprodukt zu erm\u00f6glichen. Schr\u00f6ter schneidet seine Anlagenkonzepte auf das ganz spezielle Anforderungsprofil des Kunden zu. Schr\u00f6ter-Anlagen sind aus den hochwertigsten Materialien gefertigt, erstklassig verarbeitet und durchdacht bis ins Detail.<\/p>\n<p>F\u00fcr Ihr individuelles Angebot nehmen Sie gerne direkt mit uns <a href=\"https:\/\/2c342aae-e94b-481e-aca9-de530b3b6ed6.h3.conves.io\/de\/kontakt\" target=\"_blank\" rel=\"noopener\">Kontakt <\/a>auf.<\/p>\n<p><a href=\"https:\/\/www.schroeter-technologie.de\/unternehmen\/\" target=\"_blank\" rel=\"noopener\">Link<\/a> zum Lieferanten.<\/p>\n","protected":false},"excerpt":{"rendered":"<p>Smoke systems, intensive cooling systems<\/p>\n","protected":false},"featured_media":13720,"comment_status":"open","ping_status":"closed","template":"","meta":{"_acf_changed":false,"_crsspst_to_strasser-maschinench":false,"inline_featured_image":false},"product_cat":[155],"product_tag":[],"class_list":{"0":"post-15058","1":"product","2":"type-product","3":"status-publish","4":"has-post-thumbnail","6":"product_cat-new-machinery","8":"first","9":"instock","10":"taxable","11":"shipping-taxable","12":"product-type-simple"},"acf":[],"_links":{"self":[{"href":"https:\/\/www.strasser.co.at\/en\/wp-json\/wp\/v2\/product\/15058","targetHints":{"allow":["GET"]}}],"collection":[{"href":"https:\/\/www.strasser.co.at\/en\/wp-json\/wp\/v2\/product"}],"about":[{"href":"https:\/\/www.strasser.co.at\/en\/wp-json\/wp\/v2\/types\/product"}],"replies":[{"embeddable":true,"href":"https:\/\/www.strasser.co.at\/en\/wp-json\/wp\/v2\/comments?post=15058"}],"wp:featuredmedia":[{"embeddable":true,"href":"https:\/\/www.strasser.co.at\/en\/wp-json\/wp\/v2\/media\/13720"}],"wp:attachment":[{"href":"https:\/\/www.strasser.co.at\/en\/wp-json\/wp\/v2\/media?parent=15058"}],"wp:term":[{"taxonomy":"product_cat","embeddable":true,"href":"https:\/\/www.strasser.co.at\/en\/wp-json\/wp\/v2\/product_cat?post=15058"},{"taxonomy":"product_tag","embeddable":true,"href":"https:\/\/www.strasser.co.at\/en\/wp-json\/wp\/v2\/product_tag?post=15058"}],"curies":[{"name":"wp","href":"https:\/\/api.w.org\/{rel}","templated":true}]}}