{"id":20516,"date":"2022-07-21T09:20:24","date_gmt":"2022-07-21T07:27:15","guid":{"rendered":"https:\/\/www.strasser.co.at\/?post_type=product&#038;p=20516"},"modified":"2024-06-28T11:22:11","modified_gmt":"2024-06-28T09:22:11","slug":"seydelmann-cutter-k40-ac-8","status":"publish","type":"product","link":"https:\/\/www.strasser.co.at\/en\/produkt\/seydelmann-cutter-k40-ac-8\/","title":{"rendered":"SOLD: Seydelmann Cutter K40 AC-8"},"content":{"rendered":"<p>massiv aus Edelstahl rostfrei<br \/>\n40 L Sch\u00fcssel massiv aus Edelstahl rostfrei<br \/>\nstufenlos programmierbare Schneidg\u00e4nge<br \/>\nMischg\u00e4nge vor- und r\u00fcckw\u00e4rts<br \/>\n2 Sch\u00fcsselgeschwindigkeiten<br \/>\nAnzeige Command 500K &#8211; auf der Maschine montiert<br \/>\nel. Leistung 28 kW<br \/>\ninkl. 6 Kuttermesser, mit Zubeh\u00f6r, gebraucht<\/p>\n","protected":false},"excerpt":{"rendered":"<p>made of solid stainless steel<br \/>\n40 L bowl of stainless steel<br \/>\ninfinitely programmable cutting speeds<br \/>\nmixing speeds forward and backward<br \/>\n2 bowl speeds<br \/>\ndisplay Command 500K &#8211; mounted on the machine<br \/>\nincl. 6 cutter knives, with accessories, used<\/p>\n","protected":false},"featured_media":26741,"comment_status":"open","ping_status":"closed","template":"","meta":{"_acf_changed":false,"_crsspst_to_strasser-maschinench":false,"inline_featured_image":false},"product_cat":[170],"product_tag":[],"class_list":{"0":"post-20516","1":"product","2":"type-product","3":"status-publish","4":"has-post-thumbnail","6":"product_cat-verkauft-en","8":"first","9":"instock","10":"taxable","11":"shipping-taxable","12":"product-type-simple"},"acf":[],"_links":{"self":[{"href":"https:\/\/www.strasser.co.at\/en\/wp-json\/wp\/v2\/product\/20516","targetHints":{"allow":["GET"]}}],"collection":[{"href":"https:\/\/www.strasser.co.at\/en\/wp-json\/wp\/v2\/product"}],"about":[{"href":"https:\/\/www.strasser.co.at\/en\/wp-json\/wp\/v2\/types\/product"}],"replies":[{"embeddable":true,"href":"https:\/\/www.strasser.co.at\/en\/wp-json\/wp\/v2\/comments?post=20516"}],"wp:featuredmedia":[{"embeddable":true,"href":"https:\/\/www.strasser.co.at\/en\/wp-json\/wp\/v2\/media\/26741"}],"wp:attachment":[{"href":"https:\/\/www.strasser.co.at\/en\/wp-json\/wp\/v2\/media?parent=20516"}],"wp:term":[{"taxonomy":"product_cat","embeddable":true,"href":"https:\/\/www.strasser.co.at\/en\/wp-json\/wp\/v2\/product_cat?post=20516"},{"taxonomy":"product_tag","embeddable":true,"href":"https:\/\/www.strasser.co.at\/en\/wp-json\/wp\/v2\/product_tag?post=20516"}],"curies":[{"name":"wp","href":"https:\/\/api.w.org\/{rel}","templated":true}]}}