{"id":20519,"date":"2022-07-21T12:32:18","date_gmt":"2022-07-21T10:32:18","guid":{"rendered":"https:\/\/www.strasser.co.at\/?post_type=product&#038;p=20519"},"modified":"2022-07-21T12:42:46","modified_gmt":"2022-07-21T10:42:46","slug":"henneken-injector-hpi300-24-needles","status":"publish","type":"product","link":"https:\/\/www.strasser.co.at\/en\/produkt\/henneken-injector-hpi300-24-needles\/","title":{"rendered":"Henneken Injector HPI300 \/ 24 needles"},"content":{"rendered":"<p>mit Einfachinjektionskopf f\u00fcr 24 Nadeln<br \/>\nStabile Konstruktion komplett aus Edelstahl und<br \/>\nLebensmittel-zugelassenen Kunststoffen<\/p>\n<p><strong>Arbeitsbreite: <\/strong><br \/>\n300 mm<br \/>\n<strong>Hubh\u00f6he:<\/strong><br \/>\n200 mm<br \/>\n<strong>Kammvorschub:<\/strong><br \/>\nVorzug: 16 mm<br \/>\nKammabstreifer und Kamm leicht zu entnehmen<br \/>\n<strong>Nadeln:<\/strong><br \/>\n24 St\u00fcck, 4mm,<br \/>\nLakekopf ohne Schl\u00e4uche<br \/>\n<strong>Nadelfederung:\u00a0<\/strong><br \/>\nEinzelnadelfederung,<br \/>\nLakeflussunterbrechung beim Federn<br \/>\nFederblock leicht und komplett abzuklappen<br \/>\n=&gt; alle Nadeln k\u00f6nnen leicht entnommen werden<br \/>\n<strong>Antrieb:\u00a0<\/strong><br \/>\nGetriebmotor SEW 1,1 kW<br \/>\n400V, 50Hz, 3 Phasen<br \/>\nNadelkopf und Kamm weden synchron \u00fcber<br \/>\neinen Getriebemotor angetrieben<br \/>\n<strong>Takte:<\/strong><br \/>\n49 Hub\/min<br \/>\nDurchlaufh\u00f6he:<br \/>\n180 mm<br \/>\n<strong>Pumpe:\u00a0<\/strong><br \/>\nEdelstahl Kreiselpumpe 0.9 kW<br \/>\n400V, 50Hz, 3 Phasen<br \/>\n<strong>Druckbereich:<\/strong><br \/>\n0,5 &#8211; 4 bar<br \/>\n<strong>Abstreifer:\u00a0<\/strong><br \/>\nLakefluss wird \u00fcber Zentralventil geregelt<br \/>\nAbstreifpunkt einstellbar<br \/>\n<strong>Steuerung:\u00a0 <\/strong><br \/>\nper Folientastatur<br \/>\nElektrik im Schaltkasten im Maschinengeh\u00e4use<br \/>\n<strong>Reinigung:<\/strong><br \/>\nArbeitsbereich leicht zug\u00e4nglich<br \/>\nKamm leicht und komplett zu entnehmen<br \/>\nFederblock leicht und komplett abzuklappen<br \/>\n=&gt; alle Nadeln k\u00f6nnen leicht entnommen werden<br \/>\n<strong>Schutzart:<\/strong>\u00a0 \u00a0 \u00a0 \u00a0 \u00a0 \u00a0 IP 66<\/p>\n","protected":false},"excerpt":{"rendered":"<p>mit Einfachinjektionskopf f\u00fcr 24 Nadeln Stabile Konstruktion komplett aus Edelstahl und Lebensmittel-zugelassenen Kunststoffen Arbeitsbreite: 300 mm Hubh\u00f6he: 200 mm Kammvorschub: Vorzug: 16 mm Kammabstreifer und Kamm leicht zu entnehmen Nadeln: 24 St\u00fcck, 4mm, Lakekopf ohne Schl\u00e4uche Nadelfederung:\u00a0 Einzelnadelfederung, Lakeflussunterbrechung beim Federn Federblock leicht und komplett abzuklappen =&gt; alle Nadeln k\u00f6nnen leicht entnommen werden Antrieb:\u00a0 Getriebmotor &#8230; <a title=\"Henneken Injector HPI300 \/ 24 needles\" class=\"read-more\" href=\"https:\/\/www.strasser.co.at\/en\/produkt\/henneken-injector-hpi300-24-needles\/\" aria-label=\"More on Henneken Injector HPI300 \/ 24 needles\">Read more<\/a><\/p>\n","protected":false},"featured_media":11369,"comment_status":"open","ping_status":"closed","template":"","meta":{"_acf_changed":false,"_crsspst_to_strasser-maschinench":false,"inline_featured_image":false},"product_cat":[95],"product_tag":[],"class_list":{"0":"post-20519","1":"product","2":"type-product","3":"status-publish","4":"has-post-thumbnail","6":"product_cat-injektoren","8":"first","9":"instock","10":"taxable","11":"shipping-taxable","12":"product-type-simple"},"acf":[],"_links":{"self":[{"href":"https:\/\/www.strasser.co.at\/en\/wp-json\/wp\/v2\/product\/20519","targetHints":{"allow":["GET"]}}],"collection":[{"href":"https:\/\/www.strasser.co.at\/en\/wp-json\/wp\/v2\/product"}],"about":[{"href":"https:\/\/www.strasser.co.at\/en\/wp-json\/wp\/v2\/types\/product"}],"replies":[{"embeddable":true,"href":"https:\/\/www.strasser.co.at\/en\/wp-json\/wp\/v2\/comments?post=20519"}],"wp:featuredmedia":[{"embeddable":true,"href":"https:\/\/www.strasser.co.at\/en\/wp-json\/wp\/v2\/media\/11369"}],"wp:attachment":[{"href":"https:\/\/www.strasser.co.at\/en\/wp-json\/wp\/v2\/media?parent=20519"}],"wp:term":[{"taxonomy":"product_cat","embeddable":true,"href":"https:\/\/www.strasser.co.at\/en\/wp-json\/wp\/v2\/product_cat?post=20519"},{"taxonomy":"product_tag","embeddable":true,"href":"https:\/\/www.strasser.co.at\/en\/wp-json\/wp\/v2\/product_tag?post=20519"}],"curies":[{"name":"wp","href":"https:\/\/api.w.org\/{rel}","templated":true}]}}